{"id":2506,"date":"2025-11-17T16:30:07","date_gmt":"2025-11-17T15:30:07","guid":{"rendered":"https:\/\/test.nc-com.com\/?page_id=2506"},"modified":"2025-12-10T19:41:32","modified_gmt":"2025-12-10T18:41:32","slug":"service-de-limousine","status":"publish","type":"page","link":"https:\/\/test.nc-com.com\/fr\/services\/service-de-limousine\/","title":{"rendered":"Service de limousine avec chauffeur"},"content":{"rendered":"<div class=\"wpb-content-wrapper\"><p>[vc_row full_width=\u00a0\u00bbstretch_row_content_no_spaces\u00a0\u00bb full_height=\u00a0\u00bbyes\u00a0\u00bb content_placement=\u00a0\u00bbmiddle\u00a0\u00bb css=\u00a0\u00bb.vc_custom_1690891328166{margin-top: 0px !important;margin-bottom: 0px !important;border-top-width: 0px !important;padding-top: 0px !important;background-position: center !important;background-repeat: no-repeat !important;background-size: cover !important;}\u00a0\u00bb el_class=\u00a0\u00bbslider_home slider_bb42&Prime; el_id=\u00a0\u00bbslider\u00a0\u00bb][vc_column css=\u00a0\u00bb.vc_custom_1459764496738{margin-top: 0px !important;padding-top: 0px !important;}\u00a0\u00bb]\n\t\t\t<!-- START SERVICE DE LIMOUSINE LUXE REVOLUTION SLIDER 6.7.38 --><p class=\"rs-p-wp-fix\"><\/p>\n\t\t\t<rs-module-wrap id=\"rev_slider_20_1_wrapper\" data-source=\"gallery\" style=\"visibility:hidden;background:transparent;padding:0;\">\n\t\t\t\t<rs-module id=\"rev_slider_20_1\" style=\"\" data-version=\"6.7.38\">\n\t\t\t\t\t<rs-slides style=\"overflow: hidden; position: absolute;\">\n\t\t\t\t\t\t<rs-slide style=\"position: absolute;\" data-key=\"rs-20\" data-title=\"Slide\" data-in=\"o:0;\" data-out=\"a:false;\" class=\"slide_bb42\">\n\t\t\t\t\t\t\t<img src=\"\/\/test.nc-com.com\/wp-content\/uploads\/2025\/11\/LimoService.png\" alt=\"\" title=\"LimoService\" width=\"1000\" height=\"668\" class=\"rev-slidebg tp-rs-img\" data-bg=\"p:center top;\" data-no-retina>\n<!--\n\t\t\t\t\t\t\t--><rs-group\n\t\t\t\t\t\t\t\tid=\"slider-20-slide-20-layer-2\" \n\t\t\t\t\t\t\t\tdata-type=\"group\"\n\t\t\t\t\t\t\t\tdata-rsp_ch=\"on\"\n\t\t\t\t\t\t\t\tdata-xy=\"xo:100px,25px,25px,25px;yo:200px,150px,150px,92px;\"\n\t\t\t\t\t\t\t\tdata-text=\"w:normal;s:20,16,12,7;l:25,20,15,9;\"\n\t\t\t\t\t\t\t\tdata-dim=\"w:auto,auto,450px,400px;\"\n\t\t\t\t\t\t\t\tdata-basealign=\"slide\"\n\t\t\t\t\t\t\t\tdata-frame_0=\"o:1;\"\n\t\t\t\t\t\t\t\tdata-frame_999=\"o:0;st:w;sA:9000;\"\n\t\t\t\t\t\t\t\tstyle=\"z-index:7;\"\n\t\t\t\t\t\t\t><!--\n\t\t\t\t\t\t\t\t--><h1\n\t\t\t\t\t\t\t\t\tid=\"slider-20-slide-20-layer-0\" \n\t\t\t\t\t\t\t\t\tclass=\"rs-layer yacht_h1\"\n\t\t\t\t\t\t\t\t\tdata-type=\"text\"\n\t\t\t\t\t\t\t\t\tdata-color=\"#020202\"\n\t\t\t\t\t\t\t\t\tdata-rsp_ch=\"on\"\n\t\t\t\t\t\t\t\t\tdata-xy=\"x:l,l,c,c;yo:0,50px,80px,0;\"\n\t\t\t\t\t\t\t\t\tdata-pos=\"r\"\n\t\t\t\t\t\t\t\t\tdata-text=\"w:normal;s:100,81,81,81;l:81;ls:10px,10px,10px,6px;\"\n\t\t\t\t\t\t\t\t\tdata-basealign=\"group\"\n\t\t\t\t\t\t\t\t\tdata-frame_0=\"x:right;\"\n\t\t\t\t\t\t\t\t\tdata-frame_1=\"e:power0.inOut;st:500;sp:1500;\"\n\t\t\t\t\t\t\t\t\tdata-frame_999=\"o:0;st:w;sR:6900;\"\n\t\t\t\t\t\t\t\t\tstyle=\"z-index:7;font-family:'Bebas Neue';\"\n\t\t\t\t\t\t\t\t>SERVICE<span class=\"light\">LIMOUSINE<\/span> \n\t\t\t\t\t\t\t\t<\/h1><!--\n\n\t\t\t\t\t\t\t\t--><h2\n\t\t\t\t\t\t\t\t\tid=\"slider-20-slide-20-layer-1\" \n\t\t\t\t\t\t\t\t\tclass=\"rs-layer yacht_h2\"\n\t\t\t\t\t\t\t\t\tdata-type=\"text\"\n\t\t\t\t\t\t\t\t\tdata-color=\"#151515\"\n\t\t\t\t\t\t\t\t\tdata-rsp_ch=\"on\"\n\t\t\t\t\t\t\t\t\tdata-xy=\"x:l,l,c,c;yo:0,50px,80px,0;\"\n\t\t\t\t\t\t\t\t\tdata-pos=\"r\"\n\t\t\t\t\t\t\t\t\tdata-text=\"w:normal;s:46,36,36,45;l:62,42,42,45;\"\n\t\t\t\t\t\t\t\t\tdata-basealign=\"group\"\n\t\t\t\t\t\t\t\t\tdata-frame_0=\"x:right;\"\n\t\t\t\t\t\t\t\t\tdata-frame_1=\"e:power0.inOut;st:1000;sp:1500;sR:1000;\"\n\t\t\t\t\t\t\t\t\tdata-frame_999=\"o:0;st:w;sR:7000;\"\n\t\t\t\t\t\t\t\t\tstyle=\"z-index:6;font-family:'Playfair Display';\"\n\t\t\t\t\t\t\t\t> \n\t\t\t\t\t\t\t\t<\/h2><!--\n\t\t\t\t\t\t\t--><\/rs-group><!--\n\n\t\t\t\t\t\t\t--><rs-layer\n\t\t\t\t\t\t\t\tid=\"slider-20-slide-20-layer-5\" \n\t\t\t\t\t\t\t\tdata-type=\"text\"\n\t\t\t\t\t\t\t\tdata-color=\"transparent\"\n\t\t\t\t\t\t\t\tdata-rsp_ch=\"on\"\n\t\t\t\t\t\t\t\tdata-xy=\"x:c;y:b;yo:50px,50px,30px,20px;\"\n\t\t\t\t\t\t\t\tdata-text=\"w:normal;l:22;\"\n\t\t\t\t\t\t\t\tdata-dim=\"w:65px;h:23px;\"\n\t\t\t\t\t\t\t\tdata-frame_0=\"y:bottom;\"\n\t\t\t\t\t\t\t\tdata-frame_1=\"e:power1.out;st:1480;sp:2000;sR:1480;\"\n\t\t\t\t\t\t\t\tdata-frame_999=\"o:0;e:nothing;st:w;sR:5520;\"\n\t\t\t\t\t\t\t\tstyle=\"z-index:6;font-family:'Roboto';\"\n\t\t\t\t\t\t\t><a class=\"mouse-scroll scroll-to-anchor\">mouse<\/a> \n\t\t\t\t\t\t\t<\/rs-layer><!--\n-->\t\t\t\t\t<\/rs-slide>\n\t\t\t\t\t<\/rs-slides>\n\t\t\t\t<\/rs-module>\n\t\t\t\t<script>\n\t\t\t\t\tsetREVStartSize({c: 'rev_slider_20_1',rl:[1240,1024,778,480],el:[868,768,960,720],gw:[1240,1024,778,480],gh:[868,768,960,720],type:'standard',justify:'',layout:'fullscreen',offsetContainer:'',offset:'',mh:\"0\"});if (window.RS_MODULES!==undefined && window.RS_MODULES.modules!==undefined && window.RS_MODULES.modules[\"revslider201\"]!==undefined) {window.RS_MODULES.modules[\"revslider201\"].once = false;window.revapi20 = undefined;if (window.RS_MODULES.checkMinimal!==undefined) window.RS_MODULES.checkMinimal()}\n\t\t\t\t<\/script>\n\t\t\t<\/rs-module-wrap>\n\t\t\t<!-- END REVOLUTION SLIDER -->\n[\/vc_column][\/vc_row][vc_row full_width=\u00a0\u00bbstretch_row_content\u00a0\u00bb gap=\u00a0\u00bb35&Prime; equal_height=\u00a0\u00bbyes\u00a0\u00bb content_placement=\u00a0\u00bbmiddle\u00a0\u00bb el_class=\u00a0\u00bbyacht_intro\u00a0\u00bb el_id=\u00a0\u00bbintro\u00a0\u00bb][vc_column width=\u00a0\u00bb5\/12&Prime; css_animation=\u00a0\u00bbnone\u00a0\u00bb][vc_column_text css=\u00a0\u00bb\u00a0\u00bb el_class=\u00a0\u00bbyacht_name\u00a0\u00bb]Service<span class=\"light block\">Limousine<\/span>[\/vc_column_text][vc_column_text css=\u00a0\u00bb\u00a0\u00bb el_class=\u00a0\u00bbyacht_intro_txt\u00a0\u00bb]Service de Limousine de Luxe avec Chauffeur Priv\u00e9 24h\/24 sur la C\u00f4te d\u2019Azur et Monaco<\/p>\n<p>\u00c0 destination ou en provenance d\u2019un a\u00e9roport, d\u2019une gare, lors de votre visite priv\u00e9e ou professionnelle dans le sud de la France ou dans les stations de ski des Alpes en France ou en Suisse, nous vous fournirons des services de limousine de haute qualit\u00e9.[\/vc_column_text][\/vc_column][vc_column width=\u00a0\u00bb7\/12&Prime; css_animation=\u00a0\u00bbnone\u00a0\u00bb][vc_single_image image=\u00a0\u00bb2569&Prime; img_size=\u00a0\u00bbfull\u00a0\u00bb alignment=\u00a0\u00bbcenter\u00a0\u00bb css=\u00a0\u00bb\u00a0\u00bb el_class=\u00a0\u00bbintro_img\u00a0\u00bb][vc_column_text css=\u00a0\u00bb\u00a0\u00bb el_class=\u00a0\u00bbyacht_intro_attr\u00a0\u00bb]<\/p>\n<p class=\"intro_attr\">RAPIDIT\u00c9<\/p>\n<p class=\"intro_attr\">FIABILIT\u00c9<\/p>\n<p class=\"intro_attr\">DISCR\u00c9TION<\/p>\n<p>[\/vc_column_text][\/vc_column][\/vc_row][vc_row full_width=\u00a0\u00bbstretch_row_content\u00a0\u00bb el_class=\u00a0\u00bbyacht_section interieur\u00a0\u00bb el_id=\u00a0\u00bbinfos\u00a0\u00bb css=\u00a0\u00bb.vc_custom_1765382399008{margin-top: 100px !important;}\u00a0\u00bb][vc_column][vc_row_inner el_class=\u00a0\u00bbsection_title\u00a0\u00bb][vc_column_inner][vc_column_text css=\u00a0\u00bb\u00a0\u00bb el_class=\u00a0\u00bbyacht_section_title\u00a0\u00bb]<span class=\"light\">Limousine de Luxe<\/span>24\/7[\/vc_column_text][\/vc_column_inner][\/vc_row_inner][vc_row_inner el_class=\u00a0\u00bbsection_content\u00a0\u00bb][vc_column_inner][vc_column_text css=\u00a0\u00bb\u00a0\u00bb el_class=\u00a0\u00bbsection_txt\u00a0\u00bb]<\/p>\n<h3>Besoin d\u2019un service de limousine sur la C\u00f4te d\u2019Azur ?<\/h3>\n<p>Contactez-nous d\u00e8s maintenant pour organiser votre trajet sur-mesure.<\/p>\n<p>Profitez d\u2019un service de limousine haut de gamme sur la C\u00f4te d\u2019Azur, \u00e0 Monaco et dans les stations de ski des Alpes, en France et en Suisse. Que ce soit pour un transfert depuis l\u2019a\u00e9roport, la gare ou pour vos d\u00e9placements priv\u00e9s ou professionnels, notre service 24h\/24 vous garantit confort, \u00e9l\u00e9gance et tranquillit\u00e9 d\u2019esprit. Chaque trajet est pens\u00e9 pour que vous viviez une exp\u00e9rience exclusive et personnalis\u00e9e.[\/vc_column_text][\/vc_column_inner][\/vc_row_inner][vc_row_inner equal_height=\u00a0\u00bbyes\u00a0\u00bb content_placement=\u00a0\u00bbtop\u00a0\u00bb el_class=\u00a0\u00bbyacht_blocs\u00a0\u00bb][vc_column_inner width=\u00a0\u00bb1\/3&Prime;][vc_column_text css=\u00a0\u00bb.vc_custom_1763584012163{background-image: url(https:\/\/test.nc-com.com\/wp-content\/uploads\/2025\/11\/page_evenementiel_de_luxe.jpg?id=2598) !important;background-position: 0 0 !important;background-repeat: no-repeat !important;}\u00a0\u00bb el_class=\u00a0\u00bbbloc_detail_title\u00a0\u00bb]MARIAGE[\/vc_column_text][vc_column_text css=\u00a0\u00bb\u00a0\u00bb el_class=\u00a0\u00bbbloc_detail_txt\u00a0\u00bb]Sublimez le plus beau jour de votre vie avec un service de transport \u00e9l\u00e9gant et parfaitement coordonn\u00e9. Transferts des mari\u00e9s, d\u00e9placement des invit\u00e9s, navettes entre lieux : tout est pens\u00e9 pour une journ\u00e9e fluide et sans stress.[\/vc_column_text][\/vc_column_inner][vc_column_inner width=\u00a0\u00bb1\/3&Prime;][vc_column_text css=\u00a0\u00bb.vc_custom_1763584229161{background-image: url(https:\/\/test.nc-com.com\/wp-content\/uploads\/2025\/11\/Chauffeur_seminaire.jpg?id=2731) !important;background-position: 0 0 !important;background-repeat: no-repeat !important;}\u00a0\u00bb el_class=\u00a0\u00bbbloc_detail_title\u00a0\u00bb]S\u00c9MINAIRE[\/vc_column_text][vc_column_text css=\u00a0\u00bb\u00a0\u00bb el_class=\u00a0\u00bbbloc_detail_txt\u00a0\u00bb]Assurez une organisation irr\u00e9prochable pour vos \u00e9v\u00e9nements professionnels. Accueil des collaborateurs, prise en charge des conf\u00e9renciers, gestion des horaires : nous facilitons la logistique pour que votre s\u00e9minaire se d\u00e9roule sans accroc.[\/vc_column_text][\/vc_column_inner][vc_column_inner width=\u00a0\u00bb1\/3&Prime;][vc_column_text css=\u00a0\u00bb.vc_custom_1763584308412{background-image: url(https:\/\/test.nc-com.com\/wp-content\/uploads\/2025\/11\/Chauffeur_festivals.webp?id=2732) !important;background-position: 0 0 !important;background-repeat: no-repeat !important;}\u00a0\u00bb el_class=\u00a0\u00bbbloc_detail_title\u00a0\u00bb]FESTIVALS[\/vc_column_text][vc_column_text css=\u00a0\u00bb\u00a0\u00bb el_class=\u00a0\u00bbbloc_detail_txt\u00a0\u00bb]<\/p>\n<p class=\"p1\">D\u00e9placez-vous en toute tranquillit\u00e9 lors des festivals, salons, galas et \u00e9v\u00e9nements d\u2019envergure. Votre chauffeur assure fluidit\u00e9, acc\u00e8s privil\u00e9gi\u00e9 et gestion des horaires pour une exp\u00e9rience sans contrainte.<\/p>\n<p>[\/vc_column_text][\/vc_column_inner][\/vc_row_inner][\/vc_column][\/vc_row][vc_row full_width=\u00a0\u00bbstretch_row_content\u00a0\u00bb el_class=\u00a0\u00bbyacht_section gamme\u00a0\u00bb el_id=\u00a0\u00bbinterieur\u00a0\u00bb][vc_column][vc_row_inner el_class=\u00a0\u00bbsection_title\u00a0\u00bb][vc_column_inner][vc_column_text css=\u00a0\u00bb\u00a0\u00bb el_class=\u00a0\u00bbyacht_section_title\u00a0\u00bb]<span class=\"light\">Avantages du service<\/span>Limousine[\/vc_column_text][\/vc_column_inner][\/vc_row_inner][vc_row_inner el_class=\u00a0\u00bbsection_content yacht_gamme\u00a0\u00bb][vc_column_inner][vc_column_text css=\u00a0\u00bb\u00a0\u00bb el_class=\u00a0\u00bbyacht_section_subtitle\u00a0\u00bb]<\/p>\n<h2><span class=\"semi_bold\">L\u2019excellence du transport en limousine avec chauffeur priv\u00e9<\/span><\/h2>\n<p>[\/vc_column_text][vc_column_text css=\u00a0\u00bb\u00a0\u00bb el_class=\u00a0\u00bbsection_txt_intro\u00a0\u00bb]Choisir notre service de limousine de luxe pour vos \u00e9v\u00e9nements priv\u00e9s ou professionnels, c\u2019est garantir \u00e0 vos invit\u00e9s un transport \u00e9l\u00e9gant, s\u00fbr et parfaitement organis\u00e9. Chaque d\u00e9tail est pens\u00e9 pour valoriser votre \u00e9v\u00e9nement et offrir une exp\u00e9rience m\u00e9morable.<br \/>\n[\/vc_column_text][\/vc_column_inner][\/vc_row_inner][vc_row_inner content_placement=\u00a0\u00bbtop\u00a0\u00bb el_class=\u00a0\u00bbyacht_equipement\u00a0\u00bb][vc_column_inner][vc_single_image image=\u00a0\u00bb2431&Prime; img_size=\u00a0\u00bbfull\u00a0\u00bb alignment=\u00a0\u00bbcenter\u00a0\u00bb css=\u00a0\u00bb\u00a0\u00bb el_class=\u00a0\u00bbgamme_img\u00a0\u00bb][vc_column_text css=\u00a0\u00bb\u00a0\u00bb el_class=\u00a0\u00bbequipement_details\u00a0\u00bb]Services limousine premium :<\/p>\n<ul>\n<li>Disponibilit\u00e9 24h\/24 pour tous vos transferts, y compris les urgences de derni\u00e8re minute.<\/li>\n<li>Accueil personnalis\u00e9 \u00e0 l\u2019a\u00e9roport, la gare ou tout lieu de votre choix.<\/li>\n<li>V\u00e9hicules de luxe pour une exp\u00e9rience confortable et prestigieuse.<\/li>\n<li>Chauffeurs professionnels, exp\u00e9riment\u00e9s et discrets.<\/li>\n<li>Trajets fiables et sereins, vous permettant de vous concentrer sur votre \u00e9v\u00e9nement.<\/li>\n<\/ul>\n<p>[\/vc_column_text][\/vc_column_inner][\/vc_row_inner][\/vc_column][\/vc_row][vc_row full_width=\u00a0\u00bbstretch_row_content\u00a0\u00bb el_class=\u00a0\u00bbyacht_section modeles\u00a0\u00bb el_id=\u00a0\u00bbequipements\u00a0\u00bb][vc_column][vc_row_inner content_placement=\u00a0\u00bbtop\u00a0\u00bb el_class=\u00a0\u00bbyacht_modeles modeles1&Prime;][vc_column_inner][vc_column_text css=\u00a0\u00bb\u00a0\u00bb el_class=\u00a0\u00bbspecificites_details_title\u00a0\u00bb]Les diff\u00e9rents mod\u00e8les[\/vc_column_text][\/vc_column_inner][\/vc_row_inner][vc_row_inner equal_height=\u00a0\u00bbyes\u00a0\u00bb content_placement=\u00a0\u00bbtop\u00a0\u00bb el_class=\u00a0\u00bbyacht_modeles modeles2&Prime;][vc_column_inner width=\u00a0\u00bb1\/2&Prime;][vc_column_text css=\u00a0\u00bb.vc_custom_1763398081119{background-image: url(https:\/\/test.nc-com.com\/wp-content\/uploads\/2025\/11\/maybach_reserver.jpeg?id=2518) !important;background-position: center !important;background-repeat: no-repeat !important;background-size: cover !important;}\u00a0\u00bb el_class=\u00a0\u00bbmodele_title\u00a0\u00bb el_id=\u00a0\u00bbbb42_perla\u00a0\u00bb]<\/p>\n<h2>MAYBACH<\/h2>\n<p>[\/vc_column_text][\/vc_column_inner][vc_column_inner width=\u00a0\u00bb1\/2&Prime;][vc_column_text css=\u00a0\u00bb.vc_custom_1764894510809{background-image: url(https:\/\/test.nc-com.com\/wp-content\/uploads\/2025\/11\/sprinter_exterieur.jpg?id=2260) !important;background-position: center !important;background-repeat: no-repeat !important;background-size: cover !important;}\u00a0\u00bb el_class=\u00a0\u00bbmodele_title\u00a0\u00bb el_id=\u00a0\u00bbbb42_opal\u00a0\u00bb]<\/p>\n<h2>SPRINTER<\/h2>\n<p>[\/vc_column_text][\/vc_column_inner][vc_column_inner width=\u00a0\u00bb1\/2&Prime;][vc_column_text css=\u00a0\u00bb.vc_custom_1763589941153{background-image: url(https:\/\/test.nc-com.com\/wp-content\/uploads\/2025\/11\/s_class_reserver.jpg?id=2521) !important;background-position: center !important;background-repeat: no-repeat !important;background-size: cover !important;}\u00a0\u00bb el_class=\u00a0\u00bbmodele_title\u00a0\u00bb el_id=\u00a0\u00bbbb42_zaffiro\u00a0\u00bb]<\/p>\n<h2>CLASSE S<\/h2>\n<p>[\/vc_column_text][\/vc_column_inner][\/vc_row_inner][\/vc_column][\/vc_row][vc_row el_class=\u00a0\u00bbrow_menu_section\u00a0\u00bb][vc_column][vc_column_text css=\u00a0\u00bb\u00a0\u00bb el_class=\u00a0\u00bbmenu_section\u00a0\u00bb]<a class=\"menu_infos\" href=\"#infos\">Sur mesure<\/a><a class=\"menu_interieur\" href=\"#interieur\">Service<\/a><a class=\"menu_equipements\" href=\"#equipements\">Mod\u00e8les<\/a>[\/vc_column_text][\/vc_column][\/vc_row][vc_row el_class=\u00a0\u00bbrow_btn_devis\u00a0\u00bb][vc_column][vc_column_text css=\u00a0\u00bb\u00a0\u00bb el_class=\u00a0\u00bbbtn_devis\u00a0\u00bb]<a class=\"link_devis\" href=\"https:\/\/test.nc-com.com\/fr\/contact\/\">R\u00e9server votre chauffeur priv\u00e9<\/a>[\/vc_column_text][\/vc_column][\/vc_row]<\/p>\n<\/div>","protected":false},"excerpt":{"rendered":"<p>[vc_row full_width=\u00a0\u00bbstretch_row_content_no_spaces\u00a0\u00bb full_height=\u00a0\u00bbyes\u00a0\u00bb content_placement=\u00a0\u00bbmiddle\u00a0\u00bb css=\u00a0\u00bb.vc_custom_1690891328166{margin-top: 0px !important;margin-bottom: 0px !important;border-top-width: 0px !important;padding-top: 0px !important;background-position: center !important;background-repeat: no-repeat !important;background-size: cover !important;}\u00a0\u00bb el_class=\u00a0\u00bbslider_home&#8230;<\/p>\n","protected":false},"author":1,"featured_media":1263,"parent":3093,"menu_order":0,"comment_status":"closed","ping_status":"closed","template":"","meta":{"footnotes":""},"class_list":["post-2506","page","type-page","status-publish","has-post-thumbnail"],"yoast_head":"<!-- This site is optimized with the Yoast SEO plugin v27.3 - https:\/\/yoast.com\/product\/yoast-seo-wordpress\/ -->\n<title>Service de limousine avec chauffeur - MS PRESTIGE SERVICE<\/title>\n<meta name=\"robots\" content=\"noindex, follow, max-snippet:-1, max-image-preview:large, max-video-preview:-1\" \/>\n<meta property=\"og:locale\" content=\"fr_FR\" \/>\n<meta property=\"og:type\" content=\"article\" \/>\n<meta property=\"og:title\" content=\"Service de limousine avec chauffeur - MS PRESTIGE SERVICE\" \/>\n<meta property=\"og:description\" content=\"[vc_row full_width=\u00a0\u00bbstretch_row_content_no_spaces\u00a0\u00bb full_height=\u00a0\u00bbyes\u00a0\u00bb content_placement=\u00a0\u00bbmiddle\u00a0\u00bb css=\u00a0\u00bb.vc_custom_1690891328166{margin-top: 0px !important;margin-bottom: 0px !important;border-top-width: 0px !important;padding-top: 0px !important;background-position: center !important;background-repeat: no-repeat !important;background-size: cover !important;}\u00a0\u00bb el_class=\u00a0\u00bbslider_home...\" \/>\n<meta property=\"og:url\" content=\"https:\/\/test.nc-com.com\/fr\/services\/service-de-limousine\/\" \/>\n<meta property=\"og:site_name\" content=\"MS PRESTIGE SERVICE\" \/>\n<meta property=\"article:modified_time\" content=\"2025-12-10T18:41:32+00:00\" \/>\n<meta property=\"og:image\" content=\"https:\/\/test.nc-com.com\/wp-content\/uploads\/2023\/07\/bbyachts_logo.png\" \/>\n\t<meta property=\"og:image:width\" content=\"274\" \/>\n\t<meta property=\"og:image:height\" content=\"226\" \/>\n\t<meta property=\"og:image:type\" content=\"image\/png\" \/>\n<meta name=\"twitter:card\" content=\"summary_large_image\" \/>\n<meta name=\"twitter:label1\" content=\"Dur\u00e9e de lecture estim\u00e9e\" \/>\n\t<meta name=\"twitter:data1\" content=\"3 minutes\" \/>\n<script type=\"application\/ld+json\" class=\"yoast-schema-graph\">{\"@context\":\"https:\\\/\\\/schema.org\",\"@graph\":[{\"@type\":\"WebPage\",\"@id\":\"https:\\\/\\\/test.nc-com.com\\\/fr\\\/services\\\/service-de-limousine\\\/\",\"url\":\"https:\\\/\\\/test.nc-com.com\\\/fr\\\/services\\\/service-de-limousine\\\/\",\"name\":\"Service de limousine avec chauffeur - MS PRESTIGE SERVICE\",\"isPartOf\":{\"@id\":\"https:\\\/\\\/test.nc-com.com\\\/fr\\\/#website\"},\"primaryImageOfPage\":{\"@id\":\"https:\\\/\\\/test.nc-com.com\\\/fr\\\/services\\\/service-de-limousine\\\/#primaryimage\"},\"image\":{\"@id\":\"https:\\\/\\\/test.nc-com.com\\\/fr\\\/services\\\/service-de-limousine\\\/#primaryimage\"},\"thumbnailUrl\":\"https:\\\/\\\/test.nc-com.com\\\/wp-content\\\/uploads\\\/2023\\\/07\\\/bbyachts_logo.png\",\"datePublished\":\"2025-11-17T15:30:07+00:00\",\"dateModified\":\"2025-12-10T18:41:32+00:00\",\"breadcrumb\":{\"@id\":\"https:\\\/\\\/test.nc-com.com\\\/fr\\\/services\\\/service-de-limousine\\\/#breadcrumb\"},\"inLanguage\":\"fr-FR\",\"potentialAction\":[{\"@type\":\"ReadAction\",\"target\":[\"https:\\\/\\\/test.nc-com.com\\\/fr\\\/services\\\/service-de-limousine\\\/\"]}]},{\"@type\":\"ImageObject\",\"inLanguage\":\"fr-FR\",\"@id\":\"https:\\\/\\\/test.nc-com.com\\\/fr\\\/services\\\/service-de-limousine\\\/#primaryimage\",\"url\":\"https:\\\/\\\/test.nc-com.com\\\/wp-content\\\/uploads\\\/2023\\\/07\\\/bbyachts_logo.png\",\"contentUrl\":\"https:\\\/\\\/test.nc-com.com\\\/wp-content\\\/uploads\\\/2023\\\/07\\\/bbyachts_logo.png\",\"width\":274,\"height\":226,\"caption\":\"BB YACHTS - The Art of Sea\"},{\"@type\":\"BreadcrumbList\",\"@id\":\"https:\\\/\\\/test.nc-com.com\\\/fr\\\/services\\\/service-de-limousine\\\/#breadcrumb\",\"itemListElement\":[{\"@type\":\"ListItem\",\"position\":1,\"name\":\"Accueil\",\"item\":\"https:\\\/\\\/test.nc-com.com\\\/fr\\\/\"},{\"@type\":\"ListItem\",\"position\":2,\"name\":\"Services\",\"item\":\"https:\\\/\\\/test.nc-com.com\\\/fr\\\/services\\\/\"},{\"@type\":\"ListItem\",\"position\":3,\"name\":\"Service de limousine avec chauffeur\"}]},{\"@type\":\"WebSite\",\"@id\":\"https:\\\/\\\/test.nc-com.com\\\/fr\\\/#website\",\"url\":\"https:\\\/\\\/test.nc-com.com\\\/fr\\\/\",\"name\":\"MS Prestige Service\",\"description\":\"Transfers VIP in the south of France\",\"publisher\":{\"@id\":\"https:\\\/\\\/test.nc-com.com\\\/fr\\\/#organization\"},\"potentialAction\":[{\"@type\":\"SearchAction\",\"target\":{\"@type\":\"EntryPoint\",\"urlTemplate\":\"https:\\\/\\\/test.nc-com.com\\\/fr\\\/?s={search_term_string}\"},\"query-input\":{\"@type\":\"PropertyValueSpecification\",\"valueRequired\":true,\"valueName\":\"search_term_string\"}}],\"inLanguage\":\"fr-FR\"},{\"@type\":\"Organization\",\"@id\":\"https:\\\/\\\/test.nc-com.com\\\/fr\\\/#organization\",\"name\":\"MS Prestige Service\",\"url\":\"https:\\\/\\\/test.nc-com.com\\\/fr\\\/\",\"logo\":{\"@type\":\"ImageObject\",\"inLanguage\":\"fr-FR\",\"@id\":\"https:\\\/\\\/test.nc-com.com\\\/fr\\\/#\\\/schema\\\/logo\\\/image\\\/\",\"url\":\"https:\\\/\\\/test.nc-com.com\\\/wp-content\\\/uploads\\\/2025\\\/05\\\/cropped-Logo_Vertical_BW_MSPS-OnWhite.png\",\"contentUrl\":\"https:\\\/\\\/test.nc-com.com\\\/wp-content\\\/uploads\\\/2025\\\/05\\\/cropped-Logo_Vertical_BW_MSPS-OnWhite.png\",\"width\":512,\"height\":512,\"caption\":\"MS Prestige Service\"},\"image\":{\"@id\":\"https:\\\/\\\/test.nc-com.com\\\/fr\\\/#\\\/schema\\\/logo\\\/image\\\/\"}}]}<\/script>\n<!-- \/ Yoast SEO plugin. -->","yoast_head_json":{"title":"Service de limousine avec chauffeur - MS PRESTIGE SERVICE","robots":{"index":"noindex","follow":"follow","max-snippet":"max-snippet:-1","max-image-preview":"max-image-preview:large","max-video-preview":"max-video-preview:-1"},"og_locale":"fr_FR","og_type":"article","og_title":"Service de limousine avec chauffeur - MS PRESTIGE SERVICE","og_description":"[vc_row full_width=\u00a0\u00bbstretch_row_content_no_spaces\u00a0\u00bb full_height=\u00a0\u00bbyes\u00a0\u00bb content_placement=\u00a0\u00bbmiddle\u00a0\u00bb css=\u00a0\u00bb.vc_custom_1690891328166{margin-top: 0px !important;margin-bottom: 0px !important;border-top-width: 0px !important;padding-top: 0px !important;background-position: center !important;background-repeat: no-repeat !important;background-size: cover !important;}\u00a0\u00bb el_class=\u00a0\u00bbslider_home...","og_url":"https:\/\/test.nc-com.com\/fr\/services\/service-de-limousine\/","og_site_name":"MS PRESTIGE SERVICE","article_modified_time":"2025-12-10T18:41:32+00:00","og_image":[{"width":274,"height":226,"url":"https:\/\/test.nc-com.com\/wp-content\/uploads\/2023\/07\/bbyachts_logo.png","type":"image\/png"}],"twitter_card":"summary_large_image","twitter_misc":{"Dur\u00e9e de lecture estim\u00e9e":"3 minutes"},"schema":{"@context":"https:\/\/schema.org","@graph":[{"@type":"WebPage","@id":"https:\/\/test.nc-com.com\/fr\/services\/service-de-limousine\/","url":"https:\/\/test.nc-com.com\/fr\/services\/service-de-limousine\/","name":"Service de limousine avec chauffeur - MS PRESTIGE SERVICE","isPartOf":{"@id":"https:\/\/test.nc-com.com\/fr\/#website"},"primaryImageOfPage":{"@id":"https:\/\/test.nc-com.com\/fr\/services\/service-de-limousine\/#primaryimage"},"image":{"@id":"https:\/\/test.nc-com.com\/fr\/services\/service-de-limousine\/#primaryimage"},"thumbnailUrl":"https:\/\/test.nc-com.com\/wp-content\/uploads\/2023\/07\/bbyachts_logo.png","datePublished":"2025-11-17T15:30:07+00:00","dateModified":"2025-12-10T18:41:32+00:00","breadcrumb":{"@id":"https:\/\/test.nc-com.com\/fr\/services\/service-de-limousine\/#breadcrumb"},"inLanguage":"fr-FR","potentialAction":[{"@type":"ReadAction","target":["https:\/\/test.nc-com.com\/fr\/services\/service-de-limousine\/"]}]},{"@type":"ImageObject","inLanguage":"fr-FR","@id":"https:\/\/test.nc-com.com\/fr\/services\/service-de-limousine\/#primaryimage","url":"https:\/\/test.nc-com.com\/wp-content\/uploads\/2023\/07\/bbyachts_logo.png","contentUrl":"https:\/\/test.nc-com.com\/wp-content\/uploads\/2023\/07\/bbyachts_logo.png","width":274,"height":226,"caption":"BB YACHTS - The Art of Sea"},{"@type":"BreadcrumbList","@id":"https:\/\/test.nc-com.com\/fr\/services\/service-de-limousine\/#breadcrumb","itemListElement":[{"@type":"ListItem","position":1,"name":"Accueil","item":"https:\/\/test.nc-com.com\/fr\/"},{"@type":"ListItem","position":2,"name":"Services","item":"https:\/\/test.nc-com.com\/fr\/services\/"},{"@type":"ListItem","position":3,"name":"Service de limousine avec chauffeur"}]},{"@type":"WebSite","@id":"https:\/\/test.nc-com.com\/fr\/#website","url":"https:\/\/test.nc-com.com\/fr\/","name":"MS Prestige Service","description":"Transfers VIP in the south of France","publisher":{"@id":"https:\/\/test.nc-com.com\/fr\/#organization"},"potentialAction":[{"@type":"SearchAction","target":{"@type":"EntryPoint","urlTemplate":"https:\/\/test.nc-com.com\/fr\/?s={search_term_string}"},"query-input":{"@type":"PropertyValueSpecification","valueRequired":true,"valueName":"search_term_string"}}],"inLanguage":"fr-FR"},{"@type":"Organization","@id":"https:\/\/test.nc-com.com\/fr\/#organization","name":"MS Prestige Service","url":"https:\/\/test.nc-com.com\/fr\/","logo":{"@type":"ImageObject","inLanguage":"fr-FR","@id":"https:\/\/test.nc-com.com\/fr\/#\/schema\/logo\/image\/","url":"https:\/\/test.nc-com.com\/wp-content\/uploads\/2025\/05\/cropped-Logo_Vertical_BW_MSPS-OnWhite.png","contentUrl":"https:\/\/test.nc-com.com\/wp-content\/uploads\/2025\/05\/cropped-Logo_Vertical_BW_MSPS-OnWhite.png","width":512,"height":512,"caption":"MS Prestige Service"},"image":{"@id":"https:\/\/test.nc-com.com\/fr\/#\/schema\/logo\/image\/"}}]}},"_links":{"self":[{"href":"https:\/\/test.nc-com.com\/fr\/wp-json\/wp\/v2\/pages\/2506","targetHints":{"allow":["GET"]}}],"collection":[{"href":"https:\/\/test.nc-com.com\/fr\/wp-json\/wp\/v2\/pages"}],"about":[{"href":"https:\/\/test.nc-com.com\/fr\/wp-json\/wp\/v2\/types\/page"}],"author":[{"embeddable":true,"href":"https:\/\/test.nc-com.com\/fr\/wp-json\/wp\/v2\/users\/1"}],"replies":[{"embeddable":true,"href":"https:\/\/test.nc-com.com\/fr\/wp-json\/wp\/v2\/comments?post=2506"}],"version-history":[{"count":31,"href":"https:\/\/test.nc-com.com\/fr\/wp-json\/wp\/v2\/pages\/2506\/revisions"}],"predecessor-version":[{"id":2723,"href":"https:\/\/test.nc-com.com\/fr\/wp-json\/wp\/v2\/pages\/2506\/revisions\/2723"}],"up":[{"embeddable":true,"href":"https:\/\/test.nc-com.com\/fr\/wp-json\/wp\/v2\/pages\/3093"}],"wp:featuredmedia":[{"embeddable":true,"href":"https:\/\/test.nc-com.com\/fr\/wp-json\/wp\/v2\/media\/1263"}],"wp:attachment":[{"href":"https:\/\/test.nc-com.com\/fr\/wp-json\/wp\/v2\/media?parent=2506"}],"curies":[{"name":"wp","href":"https:\/\/api.w.org\/{rel}","templated":true}]}}