{"id":3093,"date":"2025-12-04T00:31:07","date_gmt":"2025-12-03T23:31:07","guid":{"rendered":"https:\/\/test.nc-com.com\/?page_id=3093"},"modified":"2025-12-10T20:02:13","modified_gmt":"2025-12-10T19:02:13","slug":"services","status":"publish","type":"page","link":"https:\/\/test.nc-com.com\/fr\/services\/","title":{"rendered":"Services"},"content":{"rendered":"<div class=\"wpb-content-wrapper\"><p>[vc_row full_width=\u00a0\u00bbstretch_row_content\u00a0\u00bb full_height=\u00a0\u00bbyes\u00a0\u00bb columns_placement=\u00a0\u00bbbottom\u00a0\u00bb content_placement=\u00a0\u00bbbottom\u00a0\u00bb css_animation=\u00a0\u00bbnone\u00a0\u00bb vertical_slider=\u00a0\u00bbtrue\u00a0\u00bb css=\u00a0\u00bb.vc_custom_1765393276436{background-image: url(https:\/\/test.nc-com.com\/wp-content\/uploads\/2025\/11\/Transfert.jpg?id=2546) !important;background-position: center !important;background-repeat: no-repeat !important;background-size: cover !important;}\u00a0\u00bb el_class=\u00a0\u00bbhome_row\u00a0\u00bb el_id=\u00a0\u00bbbb44&Prime;][vc_column css_animation=\u00a0\u00bbfadeInUp\u00a0\u00bb][vc_row_inner equal_height=\u00a0\u00bbyes\u00a0\u00bb content_placement=\u00a0\u00bbtop\u00a0\u00bb el_class=\u00a0\u00bbhome_row_inner\u00a0\u00bb][vc_column_inner el_class=\u00a0\u00bbhome_col_left\u00a0\u00bb width=\u00a0\u00bb1\/2&Prime;][vc_column_text css=\u00a0\u00bb\u00a0\u00bb el_class=\u00a0\u00bbhome_h2&Prime;]<\/p>\n<h2>TRANSFERT<span class=\"light\">A\u00c9ROPORT<\/span><\/h2>\n<p>[\/vc_column_text][\/vc_column_inner][vc_column_inner el_class=\u00a0\u00bbhome_col_right\u00a0\u00bb width=\u00a0\u00bb1\/2&Prime;][vc_column_text css=\u00a0\u00bb\u00a0\u00bb el_class=\u00a0\u00bbhome_extrait\u00a0\u00bb]D\u00e9couvrez l\u2019excellence du transfert haut de gamme avec chauffeur priv\u00e9 \u00e0 Nice C\u00f4te d\u2019Azur avec MS Prestige Service. Pour affaires ou loisirs, profitez d\u2019un transport confortable, \u00e9l\u00e9gant et personnalis\u00e9, sans stress.[\/vc_column_text]<style type=\"text\/css\">.thegem-button-69e1f258cca591078 .gem-button {opacity:0}<\/style><style type=\"text\/css\">.thegem-button-69e1f258cca591078 .gem-button svg {fill: #000000;}.thegem-button-69e1f258cca591078 .gem-button:hover svg {fill: #000000;}<\/style><div class=\"gem-button-container gem-button-position-left thegem-button-69e1f258cca591078 btn_discover    thegem-button-animate thegem-button-animation-slide-left\"  ><a title=\"Transfert a\u00e9roport\" class=\"gem-button gem-button-size-medium gem-button-style-flat gem-button-text-weight-normal gem-button-no-uppercase\" style=\"border-radius: 25px;background-color: #cebfa0;color: #000000;\" onmouseleave=\"this.style.backgroundColor='#cebfa0';this.style.color='#000000';\" onmouseenter=\"this.style.backgroundColor='#ffffff';this.style.color='#000000';\" href=\"https:\/\/test.nc-com.com\/fr\/services\/transfert-aeroport\/\" target=\"_self\">D\u00e9couvrir<\/a><\/div> [\/vc_column_inner][\/vc_row_inner][\/vc_column][\/vc_row][vc_row full_width=\u00a0\u00bbstretch_row_content\u00a0\u00bb full_height=\u00a0\u00bbyes\u00a0\u00bb columns_placement=\u00a0\u00bbbottom\u00a0\u00bb content_placement=\u00a0\u00bbbottom\u00a0\u00bb css_animation=\u00a0\u00bbnone\u00a0\u00bb vertical_slider=\u00a0\u00bbtrue\u00a0\u00bb css=\u00a0\u00bb.vc_custom_1765393285308{background-image: url(https:\/\/test.nc-com.com\/wp-content\/uploads\/2025\/11\/mercedes-maybach-s-class-9.jpeg?id=2569) !important;background-position: center !important;background-repeat: no-repeat !important;background-size: cover !important;}\u00a0\u00bb el_class=\u00a0\u00bbhome_row\u00a0\u00bb el_id=\u00a0\u00bbbb48&Prime;][vc_column css_animation=\u00a0\u00bbfadeInUp\u00a0\u00bb][vc_row_inner equal_height=\u00a0\u00bbyes\u00a0\u00bb content_placement=\u00a0\u00bbtop\u00a0\u00bb el_class=\u00a0\u00bbhome_row_inner\u00a0\u00bb][vc_column_inner el_class=\u00a0\u00bbhome_col_left\u00a0\u00bb width=\u00a0\u00bb1\/2&Prime;][vc_column_text css=\u00a0\u00bb\u00a0\u00bb el_class=\u00a0\u00bbhome_h2&Prime;]<\/p>\n<h2>TRANSPORT<span class=\"light\">VIP<\/span><\/h2>\n<p>[\/vc_column_text][\/vc_column_inner][vc_column_inner el_class=\u00a0\u00bbhome_col_right\u00a0\u00bb width=\u00a0\u00bb1\/2&Prime;][vc_column_text css=\u00a0\u00bb\u00a0\u00bb el_class=\u00a0\u00bbhome_extrait\u00a0\u00bb]D\u00e9couvrez l\u2019excellence du transport VIP avec chauffeur priv\u00e9 sur la C\u00f4te d\u2019Azur avec MS Prestige Service. Profitez d\u2019un chauffeur professionnel, discret et ponctuel \u00e0 bord de berlines de luxe ou de vans Mercedes, pour vos transferts, rendez-vous professionnels, \u00e9v\u00e9nements ou escapades touristiques.<br \/>\n[\/vc_column_text]<style type=\"text\/css\">.thegem-button-69e1f258ccb567191 .gem-button {opacity:0}<\/style><style type=\"text\/css\">.thegem-button-69e1f258ccb567191 .gem-button svg {fill: #000000;}.thegem-button-69e1f258ccb567191 .gem-button:hover svg {fill: #000000;}<\/style><div class=\"gem-button-container gem-button-position-left thegem-button-69e1f258ccb567191 btn_discover    thegem-button-animate thegem-button-animation-slide-left\"  ><a title=\"Transport VIP\" class=\"gem-button gem-button-size-medium gem-button-style-flat gem-button-text-weight-normal gem-button-no-uppercase\" style=\"border-radius: 25px;background-color: #cebfa0;color: #000000;\" onmouseleave=\"this.style.backgroundColor='#cebfa0';this.style.color='#000000';\" onmouseenter=\"this.style.backgroundColor='#ffffff';this.style.color='#000000';\" href=\"https:\/\/test.nc-com.com\/fr\/services\/transport-vip-avec-chauffeur-prive\/\" target=\"_self\">D\u00e9couvrir<\/a><\/div> [\/vc_column_inner][\/vc_row_inner][\/vc_column][\/vc_row][vc_row full_width=\u00a0\u00bbstretch_row_content\u00a0\u00bb full_height=\u00a0\u00bbyes\u00a0\u00bb columns_placement=\u00a0\u00bbbottom\u00a0\u00bb content_placement=\u00a0\u00bbbottom\u00a0\u00bb css_animation=\u00a0\u00bbnone\u00a0\u00bb vertical_slider=\u00a0\u00bbtrue\u00a0\u00bb css=\u00a0\u00bb.vc_custom_1765393294641{background-image: url(https:\/\/test.nc-com.com\/wp-content\/uploads\/2025\/11\/page_evenementiel_de_luxe.jpg?id=2598) !important;background-position: center !important;background-repeat: no-repeat !important;background-size: cover !important;}\u00a0\u00bb el_class=\u00a0\u00bbhome_row\u00a0\u00bb el_id=\u00a0\u00bbbb48&Prime;][vc_column css_animation=\u00a0\u00bbfadeInUp\u00a0\u00bb][vc_row_inner equal_height=\u00a0\u00bbyes\u00a0\u00bb content_placement=\u00a0\u00bbtop\u00a0\u00bb el_class=\u00a0\u00bbhome_row_inner\u00a0\u00bb][vc_column_inner el_class=\u00a0\u00bbhome_col_left\u00a0\u00bb width=\u00a0\u00bb1\/2&Prime;][vc_column_text css=\u00a0\u00bb\u00a0\u00bb el_class=\u00a0\u00bbhome_h2&Prime;]<\/p>\n<h2>TRANSPORT<span class=\"light\">\u00c9V\u00c9NEMENTIEL<\/span><\/h2>\n<p>[\/vc_column_text][\/vc_column_inner][vc_column_inner el_class=\u00a0\u00bbhome_col_right\u00a0\u00bb width=\u00a0\u00bb1\/2&Prime;][vc_column_text css=\u00a0\u00bb\u00a0\u00bb el_class=\u00a0\u00bbhome_extrait\u00a0\u00bb]D\u00e9couvrez l\u2019excellence du transport \u00e9v\u00e9nementiel avec chauffeur priv\u00e9 dans le sud de la France et les Alpes avec MS Prestige Service. Que ce soit pour un \u00e9v\u00e9nement priv\u00e9 ou professionnel, profitez d\u2019un service sur mesure, ponctuel et discret.[\/vc_column_text]<style type=\"text\/css\">.thegem-button-69e1f258ccbe17177 .gem-button {opacity:0}<\/style><style type=\"text\/css\">.thegem-button-69e1f258ccbe17177 .gem-button svg {fill: #000000;}.thegem-button-69e1f258ccbe17177 .gem-button:hover svg {fill: #000000;}<\/style><div class=\"gem-button-container gem-button-position-left thegem-button-69e1f258ccbe17177 btn_discover    thegem-button-animate thegem-button-animation-slide-left\"  ><a title=\"Transport \u00e9v\u00e9nementiel\" class=\"gem-button gem-button-size-medium gem-button-style-flat gem-button-text-weight-normal gem-button-no-uppercase\" style=\"border-radius: 25px;background-color: #cebfa0;color: #000000;\" onmouseleave=\"this.style.backgroundColor='#cebfa0';this.style.color='#000000';\" onmouseenter=\"this.style.backgroundColor='#ffffff';this.style.color='#000000';\" href=\"https:\/\/test.nc-com.com\/fr\/services\/transport-evenementiel\/\" target=\"_self\">D\u00e9couvrir<\/a><\/div> [\/vc_column_inner][\/vc_row_inner][\/vc_column][\/vc_row][vc_row full_width=\u00a0\u00bbstretch_row_content\u00a0\u00bb full_height=\u00a0\u00bbyes\u00a0\u00bb columns_placement=\u00a0\u00bbbottom\u00a0\u00bb content_placement=\u00a0\u00bbbottom\u00a0\u00bb css_animation=\u00a0\u00bbnone\u00a0\u00bb vertical_slider=\u00a0\u00bbtrue\u00a0\u00bb css=\u00a0\u00bb.vc_custom_1765393330627{background-image: url(https:\/\/test.nc-com.com\/wp-content\/uploads\/2025\/11\/LimoService.png?id=2601) !important;background-position: center !important;background-repeat: no-repeat !important;background-size: cover !important;}\u00a0\u00bb el_class=\u00a0\u00bbhome_row\u00a0\u00bb el_id=\u00a0\u00bbbb48&Prime;][vc_column css_animation=\u00a0\u00bbfadeInUp\u00a0\u00bb][vc_row_inner equal_height=\u00a0\u00bbyes\u00a0\u00bb content_placement=\u00a0\u00bbtop\u00a0\u00bb el_class=\u00a0\u00bbhome_row_inner\u00a0\u00bb][vc_column_inner el_class=\u00a0\u00bbhome_col_left\u00a0\u00bb width=\u00a0\u00bb1\/2&Prime;][vc_column_text css=\u00a0\u00bb\u00a0\u00bb el_class=\u00a0\u00bbhome_h2&Prime;]<\/p>\n<h2>SERVICE<span class=\"light\">LIMOUSINE<\/span><\/h2>\n<p>[\/vc_column_text][\/vc_column_inner][vc_column_inner el_class=\u00a0\u00bbhome_col_right\u00a0\u00bb width=\u00a0\u00bb1\/2&Prime;][vc_column_text css=\u00a0\u00bb\u00a0\u00bb el_class=\u00a0\u00bbhome_extrait\u00a0\u00bb]D\u00e9couvrez l\u2019excellence du service de limousine de luxe avec chauffeur priv\u00e9 24h\/24 sur la C\u00f4te d\u2019Azur et \u00e0 Monaco avec MS Prestige Service. Que ce soit pour un transfert a\u00e9roportuaire, un trajet en gare, ou vos visites priv\u00e9es et professionnelles, profitez d\u2019un service sur mesure, \u00e9l\u00e9gant et raffin\u00e9.[\/vc_column_text]<style type=\"text\/css\">.thegem-button-69e1f258ccc52863 .gem-button {opacity:0}<\/style><style type=\"text\/css\">.thegem-button-69e1f258ccc52863 .gem-button svg {fill: #000000;}.thegem-button-69e1f258ccc52863 .gem-button:hover svg {fill: #000000;}<\/style><div class=\"gem-button-container gem-button-position-left thegem-button-69e1f258ccc52863 btn_discover    thegem-button-animate thegem-button-animation-slide-left\"  ><a title=\"Service de limousine\" class=\"gem-button gem-button-size-medium gem-button-style-flat gem-button-text-weight-normal gem-button-no-uppercase\" style=\"border-radius: 25px;background-color: #cebfa0;color: #000000;\" onmouseleave=\"this.style.backgroundColor='#cebfa0';this.style.color='#000000';\" onmouseenter=\"this.style.backgroundColor='#ffffff';this.style.color='#000000';\" href=\"https:\/\/test.nc-com.com\/fr\/services\/service-de-limousine\/\" target=\"_self\">D\u00e9couvrir<\/a><\/div> [\/vc_column_inner][\/vc_row_inner][\/vc_column][\/vc_row]<\/p>\n<\/div>","protected":false},"excerpt":{"rendered":"<p>[vc_row full_width=\u00a0\u00bbstretch_row_content\u00a0\u00bb full_height=\u00a0\u00bbyes\u00a0\u00bb columns_placement=\u00a0\u00bbbottom\u00a0\u00bb content_placement=\u00a0\u00bbbottom\u00a0\u00bb css_animation=\u00a0\u00bbnone\u00a0\u00bb vertical_slider=\u00a0\u00bbtrue\u00a0\u00bb css=\u00a0\u00bb.vc_custom_1765393276436{background-image: url(https:\/\/test.nc-com.com\/wp-content\/uploads\/2025\/11\/Transfert.jpg?id=2546) !important;background-position: center !important;background-repeat: no-repeat !important;background-size: cover !important;}\u00a0\u00bb el_class=\u00a0\u00bbhome_row\u00a0\u00bb el_id=\u00a0\u00bbbb44&Prime;][vc_column css_animation=\u00a0\u00bbfadeInUp\u00a0\u00bb][vc_row_inner equal_height=\u00a0\u00bbyes\u00a0\u00bb&#8230;<\/p>\n","protected":false},"author":1,"featured_media":2212,"parent":0,"menu_order":0,"comment_status":"closed","ping_status":"closed","template":"","meta":{"footnotes":""},"class_list":["post-3093","page","type-page","status-publish","has-post-thumbnail"],"yoast_head":"<!-- This site is optimized with the Yoast SEO plugin v27.4 - https:\/\/yoast.com\/product\/yoast-seo-wordpress\/ -->\n<title>Services - MS PRESTIGE SERVICE<\/title>\n<meta name=\"robots\" content=\"noindex, follow, max-snippet:-1, max-image-preview:large, max-video-preview:-1\" \/>\n<meta property=\"og:locale\" content=\"fr_FR\" \/>\n<meta property=\"og:type\" content=\"article\" \/>\n<meta property=\"og:title\" content=\"Services - MS PRESTIGE SERVICE\" \/>\n<meta property=\"og:description\" content=\"[vc_row full_width=\u00a0\u00bbstretch_row_content\u00a0\u00bb full_height=\u00a0\u00bbyes\u00a0\u00bb columns_placement=\u00a0\u00bbbottom\u00a0\u00bb content_placement=\u00a0\u00bbbottom\u00a0\u00bb css_animation=\u00a0\u00bbnone\u00a0\u00bb vertical_slider=\u00a0\u00bbtrue\u00a0\u00bb css=\u00a0\u00bb.vc_custom_1765393276436{background-image: url(https:\/\/test.nc-com.com\/wp-content\/uploads\/2025\/11\/Transfert.jpg?id=2546) !important;background-position: center !important;background-repeat: no-repeat !important;background-size: cover !important;}\u00a0\u00bb el_class=\u00a0\u00bbhome_row\u00a0\u00bb el_id=\u00a0\u00bbbb44&Prime;][vc_column css_animation=\u00a0\u00bbfadeInUp\u00a0\u00bb][vc_row_inner equal_height=\u00a0\u00bbyes\u00a0\u00bb...\" \/>\n<meta property=\"og:url\" content=\"https:\/\/test.nc-com.com\/fr\/services\/\" \/>\n<meta property=\"og:site_name\" content=\"MS PRESTIGE SERVICE\" \/>\n<meta property=\"article:modified_time\" content=\"2025-12-10T19:02:13+00:00\" \/>\n<meta property=\"og:image\" content=\"https:\/\/test.nc-com.com\/wp-content\/uploads\/2025\/05\/cropped-Logo_Vertical_BW_MSPS-OnWhite.png\" \/>\n\t<meta property=\"og:image:width\" content=\"512\" \/>\n\t<meta property=\"og:image:height\" content=\"512\" \/>\n\t<meta property=\"og:image:type\" content=\"image\/png\" \/>\n<meta name=\"twitter:card\" content=\"summary_large_image\" \/>\n<meta name=\"twitter:label1\" content=\"Dur\u00e9e de lecture estim\u00e9e\" \/>\n\t<meta name=\"twitter:data1\" content=\"2 minutes\" \/>\n<script type=\"application\/ld+json\" class=\"yoast-schema-graph\">{\"@context\":\"https:\\\/\\\/schema.org\",\"@graph\":[{\"@type\":\"WebPage\",\"@id\":\"https:\\\/\\\/test.nc-com.com\\\/fr\\\/services\\\/\",\"url\":\"https:\\\/\\\/test.nc-com.com\\\/fr\\\/services\\\/\",\"name\":\"Services - MS PRESTIGE SERVICE\",\"isPartOf\":{\"@id\":\"https:\\\/\\\/test.nc-com.com\\\/fr\\\/#website\"},\"primaryImageOfPage\":{\"@id\":\"https:\\\/\\\/test.nc-com.com\\\/fr\\\/services\\\/#primaryimage\"},\"image\":{\"@id\":\"https:\\\/\\\/test.nc-com.com\\\/fr\\\/services\\\/#primaryimage\"},\"thumbnailUrl\":\"https:\\\/\\\/test.nc-com.com\\\/wp-content\\\/uploads\\\/2025\\\/05\\\/cropped-Logo_Vertical_BW_MSPS-OnWhite.png\",\"datePublished\":\"2025-12-03T23:31:07+00:00\",\"dateModified\":\"2025-12-10T19:02:13+00:00\",\"breadcrumb\":{\"@id\":\"https:\\\/\\\/test.nc-com.com\\\/fr\\\/services\\\/#breadcrumb\"},\"inLanguage\":\"fr-FR\",\"potentialAction\":[{\"@type\":\"ReadAction\",\"target\":[\"https:\\\/\\\/test.nc-com.com\\\/fr\\\/services\\\/\"]}]},{\"@type\":\"ImageObject\",\"inLanguage\":\"fr-FR\",\"@id\":\"https:\\\/\\\/test.nc-com.com\\\/fr\\\/services\\\/#primaryimage\",\"url\":\"https:\\\/\\\/test.nc-com.com\\\/wp-content\\\/uploads\\\/2025\\\/05\\\/cropped-Logo_Vertical_BW_MSPS-OnWhite.png\",\"contentUrl\":\"https:\\\/\\\/test.nc-com.com\\\/wp-content\\\/uploads\\\/2025\\\/05\\\/cropped-Logo_Vertical_BW_MSPS-OnWhite.png\",\"width\":512,\"height\":512,\"caption\":\"MS Prestige Service\"},{\"@type\":\"BreadcrumbList\",\"@id\":\"https:\\\/\\\/test.nc-com.com\\\/fr\\\/services\\\/#breadcrumb\",\"itemListElement\":[{\"@type\":\"ListItem\",\"position\":1,\"name\":\"Accueil\",\"item\":\"https:\\\/\\\/test.nc-com.com\\\/fr\\\/\"},{\"@type\":\"ListItem\",\"position\":2,\"name\":\"Services\"}]},{\"@type\":\"WebSite\",\"@id\":\"https:\\\/\\\/test.nc-com.com\\\/fr\\\/#website\",\"url\":\"https:\\\/\\\/test.nc-com.com\\\/fr\\\/\",\"name\":\"MS Prestige Service\",\"description\":\"Transfers VIP in the south of France\",\"publisher\":{\"@id\":\"https:\\\/\\\/test.nc-com.com\\\/fr\\\/#organization\"},\"potentialAction\":[{\"@type\":\"SearchAction\",\"target\":{\"@type\":\"EntryPoint\",\"urlTemplate\":\"https:\\\/\\\/test.nc-com.com\\\/fr\\\/?s={search_term_string}\"},\"query-input\":{\"@type\":\"PropertyValueSpecification\",\"valueRequired\":true,\"valueName\":\"search_term_string\"}}],\"inLanguage\":\"fr-FR\"},{\"@type\":\"Organization\",\"@id\":\"https:\\\/\\\/test.nc-com.com\\\/fr\\\/#organization\",\"name\":\"MS Prestige Service\",\"url\":\"https:\\\/\\\/test.nc-com.com\\\/fr\\\/\",\"logo\":{\"@type\":\"ImageObject\",\"inLanguage\":\"fr-FR\",\"@id\":\"https:\\\/\\\/test.nc-com.com\\\/fr\\\/#\\\/schema\\\/logo\\\/image\\\/\",\"url\":\"https:\\\/\\\/test.nc-com.com\\\/wp-content\\\/uploads\\\/2025\\\/05\\\/cropped-Logo_Vertical_BW_MSPS-OnWhite.png\",\"contentUrl\":\"https:\\\/\\\/test.nc-com.com\\\/wp-content\\\/uploads\\\/2025\\\/05\\\/cropped-Logo_Vertical_BW_MSPS-OnWhite.png\",\"width\":512,\"height\":512,\"caption\":\"MS Prestige Service\"},\"image\":{\"@id\":\"https:\\\/\\\/test.nc-com.com\\\/fr\\\/#\\\/schema\\\/logo\\\/image\\\/\"}}]}<\/script>\n<!-- \/ Yoast SEO plugin. -->","yoast_head_json":{"title":"Services - MS PRESTIGE SERVICE","robots":{"index":"noindex","follow":"follow","max-snippet":"max-snippet:-1","max-image-preview":"max-image-preview:large","max-video-preview":"max-video-preview:-1"},"og_locale":"fr_FR","og_type":"article","og_title":"Services - MS PRESTIGE SERVICE","og_description":"[vc_row full_width=\u00a0\u00bbstretch_row_content\u00a0\u00bb full_height=\u00a0\u00bbyes\u00a0\u00bb columns_placement=\u00a0\u00bbbottom\u00a0\u00bb content_placement=\u00a0\u00bbbottom\u00a0\u00bb css_animation=\u00a0\u00bbnone\u00a0\u00bb vertical_slider=\u00a0\u00bbtrue\u00a0\u00bb css=\u00a0\u00bb.vc_custom_1765393276436{background-image: url(https:\/\/test.nc-com.com\/wp-content\/uploads\/2025\/11\/Transfert.jpg?id=2546) !important;background-position: center !important;background-repeat: no-repeat !important;background-size: cover !important;}\u00a0\u00bb el_class=\u00a0\u00bbhome_row\u00a0\u00bb el_id=\u00a0\u00bbbb44&Prime;][vc_column css_animation=\u00a0\u00bbfadeInUp\u00a0\u00bb][vc_row_inner equal_height=\u00a0\u00bbyes\u00a0\u00bb...","og_url":"https:\/\/test.nc-com.com\/fr\/services\/","og_site_name":"MS PRESTIGE SERVICE","article_modified_time":"2025-12-10T19:02:13+00:00","og_image":[{"width":512,"height":512,"url":"https:\/\/test.nc-com.com\/wp-content\/uploads\/2025\/05\/cropped-Logo_Vertical_BW_MSPS-OnWhite.png","type":"image\/png"}],"twitter_card":"summary_large_image","twitter_misc":{"Dur\u00e9e de lecture estim\u00e9e":"2 minutes"},"schema":{"@context":"https:\/\/schema.org","@graph":[{"@type":"WebPage","@id":"https:\/\/test.nc-com.com\/fr\/services\/","url":"https:\/\/test.nc-com.com\/fr\/services\/","name":"Services - MS PRESTIGE SERVICE","isPartOf":{"@id":"https:\/\/test.nc-com.com\/fr\/#website"},"primaryImageOfPage":{"@id":"https:\/\/test.nc-com.com\/fr\/services\/#primaryimage"},"image":{"@id":"https:\/\/test.nc-com.com\/fr\/services\/#primaryimage"},"thumbnailUrl":"https:\/\/test.nc-com.com\/wp-content\/uploads\/2025\/05\/cropped-Logo_Vertical_BW_MSPS-OnWhite.png","datePublished":"2025-12-03T23:31:07+00:00","dateModified":"2025-12-10T19:02:13+00:00","breadcrumb":{"@id":"https:\/\/test.nc-com.com\/fr\/services\/#breadcrumb"},"inLanguage":"fr-FR","potentialAction":[{"@type":"ReadAction","target":["https:\/\/test.nc-com.com\/fr\/services\/"]}]},{"@type":"ImageObject","inLanguage":"fr-FR","@id":"https:\/\/test.nc-com.com\/fr\/services\/#primaryimage","url":"https:\/\/test.nc-com.com\/wp-content\/uploads\/2025\/05\/cropped-Logo_Vertical_BW_MSPS-OnWhite.png","contentUrl":"https:\/\/test.nc-com.com\/wp-content\/uploads\/2025\/05\/cropped-Logo_Vertical_BW_MSPS-OnWhite.png","width":512,"height":512,"caption":"MS Prestige Service"},{"@type":"BreadcrumbList","@id":"https:\/\/test.nc-com.com\/fr\/services\/#breadcrumb","itemListElement":[{"@type":"ListItem","position":1,"name":"Accueil","item":"https:\/\/test.nc-com.com\/fr\/"},{"@type":"ListItem","position":2,"name":"Services"}]},{"@type":"WebSite","@id":"https:\/\/test.nc-com.com\/fr\/#website","url":"https:\/\/test.nc-com.com\/fr\/","name":"MS Prestige Service","description":"Transfers VIP in the south of France","publisher":{"@id":"https:\/\/test.nc-com.com\/fr\/#organization"},"potentialAction":[{"@type":"SearchAction","target":{"@type":"EntryPoint","urlTemplate":"https:\/\/test.nc-com.com\/fr\/?s={search_term_string}"},"query-input":{"@type":"PropertyValueSpecification","valueRequired":true,"valueName":"search_term_string"}}],"inLanguage":"fr-FR"},{"@type":"Organization","@id":"https:\/\/test.nc-com.com\/fr\/#organization","name":"MS Prestige Service","url":"https:\/\/test.nc-com.com\/fr\/","logo":{"@type":"ImageObject","inLanguage":"fr-FR","@id":"https:\/\/test.nc-com.com\/fr\/#\/schema\/logo\/image\/","url":"https:\/\/test.nc-com.com\/wp-content\/uploads\/2025\/05\/cropped-Logo_Vertical_BW_MSPS-OnWhite.png","contentUrl":"https:\/\/test.nc-com.com\/wp-content\/uploads\/2025\/05\/cropped-Logo_Vertical_BW_MSPS-OnWhite.png","width":512,"height":512,"caption":"MS Prestige Service"},"image":{"@id":"https:\/\/test.nc-com.com\/fr\/#\/schema\/logo\/image\/"}}]}},"_links":{"self":[{"href":"https:\/\/test.nc-com.com\/fr\/wp-json\/wp\/v2\/pages\/3093","targetHints":{"allow":["GET"]}}],"collection":[{"href":"https:\/\/test.nc-com.com\/fr\/wp-json\/wp\/v2\/pages"}],"about":[{"href":"https:\/\/test.nc-com.com\/fr\/wp-json\/wp\/v2\/types\/page"}],"author":[{"embeddable":true,"href":"https:\/\/test.nc-com.com\/fr\/wp-json\/wp\/v2\/users\/1"}],"replies":[{"embeddable":true,"href":"https:\/\/test.nc-com.com\/fr\/wp-json\/wp\/v2\/comments?post=3093"}],"version-history":[{"count":6,"href":"https:\/\/test.nc-com.com\/fr\/wp-json\/wp\/v2\/pages\/3093\/revisions"}],"predecessor-version":[{"id":3129,"href":"https:\/\/test.nc-com.com\/fr\/wp-json\/wp\/v2\/pages\/3093\/revisions\/3129"}],"wp:featuredmedia":[{"embeddable":true,"href":"https:\/\/test.nc-com.com\/fr\/wp-json\/wp\/v2\/media\/2212"}],"wp:attachment":[{"href":"https:\/\/test.nc-com.com\/fr\/wp-json\/wp\/v2\/media?parent=3093"}],"curies":[{"name":"wp","href":"https:\/\/api.w.org\/{rel}","templated":true}]}}