{"id":3154,"date":"2025-12-04T23:01:17","date_gmt":"2025-12-04T22:01:17","guid":{"rendered":"https:\/\/test.nc-com.com\/?page_id=3154"},"modified":"2026-01-31T17:33:11","modified_gmt":"2026-01-31T16:33:11","slug":"nos-vehicules","status":"publish","type":"page","link":"https:\/\/test.nc-com.com\/fr\/nos-vehicules\/","title":{"rendered":"Nos v\u00e9hicules"},"content":{"rendered":"<div class=\"wpb-content-wrapper\"><p>[vc_row full_width=\u00a0\u00bbstretch_row_content\u00a0\u00bb full_height=\u00a0\u00bbyes\u00a0\u00bb columns_placement=\u00a0\u00bbbottom\u00a0\u00bb content_placement=\u00a0\u00bbbottom\u00a0\u00bb css_animation=\u00a0\u00bbnone\u00a0\u00bb vertical_slider=\u00a0\u00bbtrue\u00a0\u00bb css=\u00a0\u00bb.vc_custom_1747774170022{background-image: url(https:\/\/test.nc-com.com\/wp-content\/uploads\/2025\/05\/mercedes-benz-royal-rovelver-van-vip-vclass-luxury-10.jpg?id=2195) !important;background-position: center !important;background-repeat: no-repeat !important;background-size: cover !important;}\u00a0\u00bb el_class=\u00a0\u00bbhome_row\u00a0\u00bb el_id=\u00a0\u00bbbb44&Prime;][vc_column css_animation=\u00a0\u00bbfadeInUp\u00a0\u00bb][vc_row_inner equal_height=\u00a0\u00bbyes\u00a0\u00bb content_placement=\u00a0\u00bbtop\u00a0\u00bb el_class=\u00a0\u00bbhome_row_inner\u00a0\u00bb][vc_column_inner el_class=\u00a0\u00bbhome_col_left\u00a0\u00bb width=\u00a0\u00bb1\/2&Prime;][vc_column_text css=\u00a0\u00bb\u00a0\u00bb el_class=\u00a0\u00bbhome_h2&Prime;]<\/p>\n<h2>Sprinter<span class=\"light\">VIP<\/span><\/h2>\n<p>[\/vc_column_text][\/vc_column_inner][vc_column_inner el_class=\u00a0\u00bbhome_col_right\u00a0\u00bb width=\u00a0\u00bb1\/2&Prime;][vc_column_text css=\u00a0\u00bb\u00a0\u00bb el_class=\u00a0\u00bbhome_extrait\u00a0\u00bb]Offrez-vous une exp\u00e9rience de transport haut de gamme avec notre <strong data-start=\"331\" data-end=\"380\">service de transport VIP en Mercedes Sprinter<\/strong>. Confort, \u00e9l\u00e9gance et discr\u00e9tion pour tous vos d\u00e9placements sur la C\u00f4te d&rsquo;Azur.[\/vc_column_text]<style type=\"text\/css\">.thegem-button-69dd4e3da75d54675 .gem-button {opacity:0}<\/style><style type=\"text\/css\">.thegem-button-69dd4e3da75d54675 .gem-button svg {fill: #000000;}.thegem-button-69dd4e3da75d54675 .gem-button:hover svg {fill: #000000;}<\/style><div class=\"gem-button-container gem-button-position-left thegem-button-69dd4e3da75d54675 btn_discover    thegem-button-animate thegem-button-animation-slide-left\"  ><a title=\"sprinter\" class=\"gem-button gem-button-size-medium gem-button-style-flat gem-button-text-weight-normal gem-button-no-uppercase\" style=\"border-radius: 25px;background-color: #cebfa0;color: #000000;\" onmouseleave=\"this.style.backgroundColor='#cebfa0';this.style.color='#000000';\" onmouseenter=\"this.style.backgroundColor='#ffffff';this.style.color='#000000';\" href=\"https:\/\/test.nc-com.com\/fr\/nos-vehicules\/sprinter-vip\/\" target=\"_self\">D\u00e9couvrir<\/a><\/div> [\/vc_column_inner][\/vc_row_inner][\/vc_column][\/vc_row][vc_row full_width=\u00a0\u00bbstretch_row_content\u00a0\u00bb full_height=\u00a0\u00bbyes\u00a0\u00bb columns_placement=\u00a0\u00bbbottom\u00a0\u00bb content_placement=\u00a0\u00bbbottom\u00a0\u00bb css_animation=\u00a0\u00bbnone\u00a0\u00bb vertical_slider=\u00a0\u00bbtrue\u00a0\u00bb css=\u00a0\u00bb.vc_custom_1765375952219{background-image: url(https:\/\/test.nc-com.com\/wp-content\/uploads\/2025\/05\/mercedes-benz-royal-rovelver-van-vip-vclass-luxury-10.jpg?id=2195) !important;background-position: center !important;background-repeat: no-repeat !important;background-size: cover !important;}\u00a0\u00bb el_class=\u00a0\u00bbhome_row\u00a0\u00bb el_id=\u00a0\u00bbbb44&Prime;][vc_column css_animation=\u00a0\u00bbfadeInUp\u00a0\u00bb][vc_row_inner equal_height=\u00a0\u00bbyes\u00a0\u00bb content_placement=\u00a0\u00bbtop\u00a0\u00bb el_class=\u00a0\u00bbhome_row_inner\u00a0\u00bb][vc_column_inner el_class=\u00a0\u00bbhome_col_left\u00a0\u00bb width=\u00a0\u00bb1\/2&Prime;][vc_column_text css=\u00a0\u00bb\u00a0\u00bb el_class=\u00a0\u00bbhome_h2&Prime;]<\/p>\n<h2>Sprinter<span class=\"light\">18 places<\/span><\/h2>\n<p>[\/vc_column_text][\/vc_column_inner][vc_column_inner el_class=\u00a0\u00bbhome_col_right\u00a0\u00bb width=\u00a0\u00bb1\/2&Prime;][vc_column_text css=\u00a0\u00bb\u00a0\u00bb el_class=\u00a0\u00bbhome_extrait\u00a0\u00bb]Offrez-vous une exp\u00e9rience de transport haut de gamme avec notre <strong data-start=\"331\" data-end=\"380\">service de transport VIP en Mercedes Sprinter 18 places<\/strong>. Confort, \u00e9l\u00e9gance et discr\u00e9tion pour tous vos d\u00e9placements sur la C\u00f4te d&rsquo;Azur.[\/vc_column_text]<style type=\"text\/css\">.thegem-button-69dd4e3da76e8942 .gem-button {opacity:0}<\/style><style type=\"text\/css\">.thegem-button-69dd4e3da76e8942 .gem-button svg {fill: #000000;}.thegem-button-69dd4e3da76e8942 .gem-button:hover svg {fill: #000000;}<\/style><div class=\"gem-button-container gem-button-position-left thegem-button-69dd4e3da76e8942 btn_discover    thegem-button-animate thegem-button-animation-slide-left\"  ><a title=\"sprinter-18-places\" class=\"gem-button gem-button-size-medium gem-button-style-flat gem-button-text-weight-normal gem-button-no-uppercase\" style=\"border-radius: 25px;background-color: #cebfa0;color: #000000;\" onmouseleave=\"this.style.backgroundColor='#cebfa0';this.style.color='#000000';\" onmouseenter=\"this.style.backgroundColor='#ffffff';this.style.color='#000000';\" href=\"https:\/\/test.nc-com.com\/fr\/nos-vehicules\/sprinter-18-places\/\" target=\"_self\">D\u00e9couvrir<\/a><\/div> [\/vc_column_inner][\/vc_row_inner][\/vc_column][\/vc_row][vc_row full_width=\u00a0\u00bbstretch_row_content\u00a0\u00bb full_height=\u00a0\u00bbyes\u00a0\u00bb columns_placement=\u00a0\u00bbbottom\u00a0\u00bb content_placement=\u00a0\u00bbbottom\u00a0\u00bb css_animation=\u00a0\u00bbnone\u00a0\u00bb vertical_slider=\u00a0\u00bbtrue\u00a0\u00bb css=\u00a0\u00bb.vc_custom_1747777930441{background-image: url(https:\/\/test.nc-com.com\/wp-content\/uploads\/2025\/05\/Mercedes-Maybach-S580-S680-81.jpg?id=2203) !important;background-position: center !important;background-repeat: no-repeat !important;background-size: cover !important;}\u00a0\u00bb el_class=\u00a0\u00bbhome_row\u00a0\u00bb el_id=\u00a0\u00bbbb48&Prime;][vc_column css_animation=\u00a0\u00bbfadeInUp\u00a0\u00bb][vc_row_inner equal_height=\u00a0\u00bbyes\u00a0\u00bb content_placement=\u00a0\u00bbtop\u00a0\u00bb el_class=\u00a0\u00bbhome_row_inner\u00a0\u00bb][vc_column_inner el_class=\u00a0\u00bbhome_col_left\u00a0\u00bb width=\u00a0\u00bb1\/2&Prime;][vc_column_text css=\u00a0\u00bb\u00a0\u00bb el_class=\u00a0\u00bbhome_h2&Prime;]<\/p>\n<h2>Maybach classe S<\/h2>\n<p>[\/vc_column_text][\/vc_column_inner][vc_column_inner el_class=\u00a0\u00bbhome_col_right\u00a0\u00bb width=\u00a0\u00bb1\/2&Prime;][vc_column_text css=\u00a0\u00bb\u00a0\u00bb el_class=\u00a0\u00bbhome_extrait\u00a0\u00bb]D\u00e9couvrez l\u2019excellence du <strong data-start=\"281\" data-end=\"323\">transport de luxe avec chauffeur priv\u00e9<\/strong> \u00e0 bord d\u2019une <strong data-start=\"337\" data-end=\"366\">Mercedes Maybach 18 places<\/strong>, symbole ultime du raffinement automobile. Que ce soit pour un d\u00e9placement professionnel, un \u00e9v\u00e9nement prestigieux ou un transfert a\u00e9roport en toute \u00e9l\u00e9gance, nous vous offrons un service sur mesure, pens\u00e9 pour une client\u00e8le exigeante.[\/vc_column_text]<style type=\"text\/css\">.thegem-button-69dd4e3da77b72491 .gem-button {opacity:0}<\/style><style type=\"text\/css\">.thegem-button-69dd4e3da77b72491 .gem-button svg {fill: #000000;}.thegem-button-69dd4e3da77b72491 .gem-button:hover svg {fill: #000000;}<\/style><div class=\"gem-button-container gem-button-position-left thegem-button-69dd4e3da77b72491 btn_discover    thegem-button-animate thegem-button-animation-slide-left\"  ><a title=\"maybach-classe-s\" class=\"gem-button gem-button-size-medium gem-button-style-flat gem-button-text-weight-normal gem-button-no-uppercase\" style=\"border-radius: 25px;background-color: #cebfa0;color: #000000;\" onmouseleave=\"this.style.backgroundColor='#cebfa0';this.style.color='#000000';\" onmouseenter=\"this.style.backgroundColor='#ffffff';this.style.color='#000000';\" href=\"https:\/\/test.nc-com.com\/fr\/nos-vehicules\/maybach-classe-s\/\" target=\"_self\">D\u00e9couvrir<\/a><\/div> [\/vc_column_inner][\/vc_row_inner][\/vc_column][\/vc_row][vc_row full_width=\u00a0\u00bbstretch_row_content\u00a0\u00bb full_height=\u00a0\u00bbyes\u00a0\u00bb columns_placement=\u00a0\u00bbbottom\u00a0\u00bb content_placement=\u00a0\u00bbbottom\u00a0\u00bb css_animation=\u00a0\u00bbnone\u00a0\u00bb vertical_slider=\u00a0\u00bbtrue\u00a0\u00bb css=\u00a0\u00bb.vc_custom_1765375962178{background-image: url(https:\/\/test.nc-com.com\/wp-content\/uploads\/2025\/05\/Mercedes-Maybach-S580-S680-81.jpg?id=2203) !important;background-position: center !important;background-repeat: no-repeat !important;background-size: cover !important;}\u00a0\u00bb el_class=\u00a0\u00bbhome_row\u00a0\u00bb el_id=\u00a0\u00bbbb48&Prime;][vc_column css_animation=\u00a0\u00bbfadeInUp\u00a0\u00bb][vc_row_inner equal_height=\u00a0\u00bbyes\u00a0\u00bb content_placement=\u00a0\u00bbtop\u00a0\u00bb el_class=\u00a0\u00bbhome_row_inner\u00a0\u00bb][vc_column_inner el_class=\u00a0\u00bbhome_col_left\u00a0\u00bb width=\u00a0\u00bb1\/2&Prime;][vc_column_text css=\u00a0\u00bb\u00a0\u00bb el_class=\u00a0\u00bbhome_h2&Prime;]<\/p>\n<h2>Classe S<\/h2>\n<p>[\/vc_column_text][\/vc_column_inner][vc_column_inner el_class=\u00a0\u00bbhome_col_right\u00a0\u00bb width=\u00a0\u00bb1\/2&Prime;][vc_column_text css=\u00a0\u00bb\u00a0\u00bb el_class=\u00a0\u00bbhome_extrait\u00a0\u00bb]D\u00e9couvrez l\u2019excellence du <strong data-start=\"281\" data-end=\"323\">transport de luxe avec chauffeur priv\u00e9<\/strong> \u00e0 bord d\u2019une <strong data-start=\"337\" data-end=\"366\">Mercedes Classe S<\/strong>, symbole ultime du raffinement automobile. Que ce soit pour un d\u00e9placement professionnel, un \u00e9v\u00e9nement prestigieux ou un transfert a\u00e9roport en toute \u00e9l\u00e9gance, nous vous offrons un service sur mesure, pens\u00e9 pour une client\u00e8le exigeante.[\/vc_column_text]<style type=\"text\/css\">.thegem-button-69dd4e3da78522220 .gem-button {opacity:0}<\/style><style type=\"text\/css\">.thegem-button-69dd4e3da78522220 .gem-button svg {fill: #000000;}.thegem-button-69dd4e3da78522220 .gem-button:hover svg {fill: #000000;}<\/style><div class=\"gem-button-container gem-button-position-left thegem-button-69dd4e3da78522220 btn_discover    thegem-button-animate thegem-button-animation-slide-left\"  ><a title=\"classe-s\" class=\"gem-button gem-button-size-medium gem-button-style-flat gem-button-text-weight-normal gem-button-no-uppercase\" style=\"border-radius: 25px;background-color: #cebfa0;color: #000000;\" onmouseleave=\"this.style.backgroundColor='#cebfa0';this.style.color='#000000';\" onmouseenter=\"this.style.backgroundColor='#ffffff';this.style.color='#000000';\" href=\"https:\/\/test.nc-com.com\/fr\/nos-vehicules\/classe-s\/\" target=\"_self\">D\u00e9couvrir<\/a><\/div> [\/vc_column_inner][\/vc_row_inner][\/vc_column][\/vc_row][vc_row full_width=\u00a0\u00bbstretch_row_content\u00a0\u00bb full_height=\u00a0\u00bbyes\u00a0\u00bb columns_placement=\u00a0\u00bbbottom\u00a0\u00bb content_placement=\u00a0\u00bbbottom\u00a0\u00bb css_animation=\u00a0\u00bbnone\u00a0\u00bb vertical_slider=\u00a0\u00bbtrue\u00a0\u00bb css=\u00a0\u00bb.vc_custom_1765375973439{background-image: url(https:\/\/test.nc-com.com\/wp-content\/uploads\/2025\/05\/Mercedes-Maybach-S580-S680-81.jpg?id=2203) !important;background-position: center !important;background-repeat: no-repeat !important;background-size: cover !important;}\u00a0\u00bb el_class=\u00a0\u00bbhome_row\u00a0\u00bb el_id=\u00a0\u00bbbb48&Prime;][vc_column css_animation=\u00a0\u00bbfadeInUp\u00a0\u00bb][vc_row_inner equal_height=\u00a0\u00bbyes\u00a0\u00bb content_placement=\u00a0\u00bbtop\u00a0\u00bb el_class=\u00a0\u00bbhome_row_inner\u00a0\u00bb][vc_column_inner el_class=\u00a0\u00bbhome_col_left\u00a0\u00bb width=\u00a0\u00bb1\/2&Prime;][vc_column_text css=\u00a0\u00bb\u00a0\u00bb el_class=\u00a0\u00bbhome_h2&Prime;]<\/p>\n<h2>Classe V<\/h2>\n<p>[\/vc_column_text][\/vc_column_inner][vc_column_inner el_class=\u00a0\u00bbhome_col_right\u00a0\u00bb width=\u00a0\u00bb1\/2&Prime;][vc_column_text css=\u00a0\u00bb\u00a0\u00bb el_class=\u00a0\u00bbhome_extrait\u00a0\u00bb]D\u00e9couvrez l\u2019excellence du <strong data-start=\"281\" data-end=\"323\">transport de luxe avec chauffeur priv\u00e9<\/strong> \u00e0 bord d\u2019une <strong data-start=\"337\" data-end=\"366\">Mercedes Classe V<\/strong>, symbole ultime du raffinement automobile. Que ce soit pour un d\u00e9placement professionnel, un \u00e9v\u00e9nement prestigieux ou un transfert a\u00e9roport en toute \u00e9l\u00e9gance, nous vous offrons un service sur mesure, pens\u00e9 pour une client\u00e8le exigeante.[\/vc_column_text]<style type=\"text\/css\">.thegem-button-69dd4e3da78fa34 .gem-button {opacity:0}<\/style><style type=\"text\/css\">.thegem-button-69dd4e3da78fa34 .gem-button svg {fill: #000000;}.thegem-button-69dd4e3da78fa34 .gem-button:hover svg {fill: #000000;}<\/style><div class=\"gem-button-container gem-button-position-left thegem-button-69dd4e3da78fa34 btn_discover    thegem-button-animate thegem-button-animation-slide-left\"  ><a title=\"classe-v\" class=\"gem-button gem-button-size-medium gem-button-style-flat gem-button-text-weight-normal gem-button-no-uppercase\" style=\"border-radius: 25px;background-color: #cebfa0;color: #000000;\" onmouseleave=\"this.style.backgroundColor='#cebfa0';this.style.color='#000000';\" onmouseenter=\"this.style.backgroundColor='#ffffff';this.style.color='#000000';\" href=\"https:\/\/test.nc-com.com\/fr\/nos-vehicules\/classe-v\/\" target=\"_self\">D\u00e9couvrir<\/a><\/div> [\/vc_column_inner][\/vc_row_inner][\/vc_column][\/vc_row]<\/p>\n<\/div>","protected":false},"excerpt":{"rendered":"<p>[vc_row full_width=\u00a0\u00bbstretch_row_content\u00a0\u00bb full_height=\u00a0\u00bbyes\u00a0\u00bb columns_placement=\u00a0\u00bbbottom\u00a0\u00bb content_placement=\u00a0\u00bbbottom\u00a0\u00bb css_animation=\u00a0\u00bbnone\u00a0\u00bb vertical_slider=\u00a0\u00bbtrue\u00a0\u00bb css=\u00a0\u00bb.vc_custom_1747774170022{background-image: url(https:\/\/test.nc-com.com\/wp-content\/uploads\/2025\/05\/mercedes-benz-royal-rovelver-van-vip-vclass-luxury-10.jpg?id=2195) !important;background-position: center !important;background-repeat: no-repeat !important;background-size: cover !important;}\u00a0\u00bb el_class=\u00a0\u00bbhome_row\u00a0\u00bb el_id=\u00a0\u00bbbb44&Prime;][vc_column css_animation=\u00a0\u00bbfadeInUp\u00a0\u00bb][vc_row_inner equal_height=\u00a0\u00bbyes\u00a0\u00bb&#8230;<\/p>\n","protected":false},"author":1,"featured_media":2212,"parent":0,"menu_order":0,"comment_status":"closed","ping_status":"closed","template":"","meta":{"footnotes":""},"class_list":["post-3154","page","type-page","status-publish","has-post-thumbnail"],"yoast_head":"<!-- This site is optimized with the Yoast SEO plugin v27.3 - https:\/\/yoast.com\/product\/yoast-seo-wordpress\/ -->\n<title>Nos v\u00e9hicules - MS PRESTIGE SERVICE<\/title>\n<meta name=\"robots\" content=\"noindex, follow, max-snippet:-1, max-image-preview:large, max-video-preview:-1\" \/>\n<meta property=\"og:locale\" content=\"fr_FR\" \/>\n<meta property=\"og:type\" content=\"article\" \/>\n<meta property=\"og:title\" content=\"Nos v\u00e9hicules - MS PRESTIGE SERVICE\" \/>\n<meta property=\"og:description\" content=\"[vc_row full_width=\u00a0\u00bbstretch_row_content\u00a0\u00bb full_height=\u00a0\u00bbyes\u00a0\u00bb columns_placement=\u00a0\u00bbbottom\u00a0\u00bb content_placement=\u00a0\u00bbbottom\u00a0\u00bb css_animation=\u00a0\u00bbnone\u00a0\u00bb vertical_slider=\u00a0\u00bbtrue\u00a0\u00bb css=\u00a0\u00bb.vc_custom_1747774170022{background-image: url(https:\/\/test.nc-com.com\/wp-content\/uploads\/2025\/05\/mercedes-benz-royal-rovelver-van-vip-vclass-luxury-10.jpg?id=2195) !important;background-position: center !important;background-repeat: no-repeat !important;background-size: cover !important;}\u00a0\u00bb el_class=\u00a0\u00bbhome_row\u00a0\u00bb el_id=\u00a0\u00bbbb44&Prime;][vc_column css_animation=\u00a0\u00bbfadeInUp\u00a0\u00bb][vc_row_inner equal_height=\u00a0\u00bbyes\u00a0\u00bb...\" \/>\n<meta property=\"og:url\" content=\"https:\/\/test.nc-com.com\/fr\/nos-vehicules\/\" \/>\n<meta property=\"og:site_name\" content=\"MS PRESTIGE SERVICE\" \/>\n<meta property=\"article:modified_time\" content=\"2026-01-31T16:33:11+00:00\" \/>\n<meta property=\"og:image\" content=\"https:\/\/test.nc-com.com\/wp-content\/uploads\/2025\/05\/cropped-Logo_Vertical_BW_MSPS-OnWhite.png\" \/>\n\t<meta property=\"og:image:width\" content=\"512\" \/>\n\t<meta property=\"og:image:height\" content=\"512\" \/>\n\t<meta property=\"og:image:type\" content=\"image\/png\" \/>\n<meta name=\"twitter:card\" content=\"summary_large_image\" \/>\n<meta name=\"twitter:label1\" content=\"Dur\u00e9e de lecture estim\u00e9e\" \/>\n\t<meta name=\"twitter:data1\" content=\"3 minutes\" \/>\n<script type=\"application\/ld+json\" class=\"yoast-schema-graph\">{\"@context\":\"https:\\\/\\\/schema.org\",\"@graph\":[{\"@type\":\"WebPage\",\"@id\":\"https:\\\/\\\/test.nc-com.com\\\/fr\\\/nos-vehicules\\\/\",\"url\":\"https:\\\/\\\/test.nc-com.com\\\/fr\\\/nos-vehicules\\\/\",\"name\":\"Nos v\u00e9hicules - MS PRESTIGE SERVICE\",\"isPartOf\":{\"@id\":\"https:\\\/\\\/test.nc-com.com\\\/fr\\\/#website\"},\"primaryImageOfPage\":{\"@id\":\"https:\\\/\\\/test.nc-com.com\\\/fr\\\/nos-vehicules\\\/#primaryimage\"},\"image\":{\"@id\":\"https:\\\/\\\/test.nc-com.com\\\/fr\\\/nos-vehicules\\\/#primaryimage\"},\"thumbnailUrl\":\"https:\\\/\\\/test.nc-com.com\\\/wp-content\\\/uploads\\\/2025\\\/05\\\/cropped-Logo_Vertical_BW_MSPS-OnWhite.png\",\"datePublished\":\"2025-12-04T22:01:17+00:00\",\"dateModified\":\"2026-01-31T16:33:11+00:00\",\"breadcrumb\":{\"@id\":\"https:\\\/\\\/test.nc-com.com\\\/fr\\\/nos-vehicules\\\/#breadcrumb\"},\"inLanguage\":\"fr-FR\",\"potentialAction\":[{\"@type\":\"ReadAction\",\"target\":[\"https:\\\/\\\/test.nc-com.com\\\/fr\\\/nos-vehicules\\\/\"]}]},{\"@type\":\"ImageObject\",\"inLanguage\":\"fr-FR\",\"@id\":\"https:\\\/\\\/test.nc-com.com\\\/fr\\\/nos-vehicules\\\/#primaryimage\",\"url\":\"https:\\\/\\\/test.nc-com.com\\\/wp-content\\\/uploads\\\/2025\\\/05\\\/cropped-Logo_Vertical_BW_MSPS-OnWhite.png\",\"contentUrl\":\"https:\\\/\\\/test.nc-com.com\\\/wp-content\\\/uploads\\\/2025\\\/05\\\/cropped-Logo_Vertical_BW_MSPS-OnWhite.png\",\"width\":512,\"height\":512,\"caption\":\"MS Prestige Service\"},{\"@type\":\"BreadcrumbList\",\"@id\":\"https:\\\/\\\/test.nc-com.com\\\/fr\\\/nos-vehicules\\\/#breadcrumb\",\"itemListElement\":[{\"@type\":\"ListItem\",\"position\":1,\"name\":\"Accueil\",\"item\":\"https:\\\/\\\/test.nc-com.com\\\/fr\\\/\"},{\"@type\":\"ListItem\",\"position\":2,\"name\":\"Nos v\u00e9hicules\"}]},{\"@type\":\"WebSite\",\"@id\":\"https:\\\/\\\/test.nc-com.com\\\/fr\\\/#website\",\"url\":\"https:\\\/\\\/test.nc-com.com\\\/fr\\\/\",\"name\":\"MS Prestige Service\",\"description\":\"Transfers VIP in the south of France\",\"publisher\":{\"@id\":\"https:\\\/\\\/test.nc-com.com\\\/fr\\\/#organization\"},\"potentialAction\":[{\"@type\":\"SearchAction\",\"target\":{\"@type\":\"EntryPoint\",\"urlTemplate\":\"https:\\\/\\\/test.nc-com.com\\\/fr\\\/?s={search_term_string}\"},\"query-input\":{\"@type\":\"PropertyValueSpecification\",\"valueRequired\":true,\"valueName\":\"search_term_string\"}}],\"inLanguage\":\"fr-FR\"},{\"@type\":\"Organization\",\"@id\":\"https:\\\/\\\/test.nc-com.com\\\/fr\\\/#organization\",\"name\":\"MS Prestige Service\",\"url\":\"https:\\\/\\\/test.nc-com.com\\\/fr\\\/\",\"logo\":{\"@type\":\"ImageObject\",\"inLanguage\":\"fr-FR\",\"@id\":\"https:\\\/\\\/test.nc-com.com\\\/fr\\\/#\\\/schema\\\/logo\\\/image\\\/\",\"url\":\"https:\\\/\\\/test.nc-com.com\\\/wp-content\\\/uploads\\\/2025\\\/05\\\/cropped-Logo_Vertical_BW_MSPS-OnWhite.png\",\"contentUrl\":\"https:\\\/\\\/test.nc-com.com\\\/wp-content\\\/uploads\\\/2025\\\/05\\\/cropped-Logo_Vertical_BW_MSPS-OnWhite.png\",\"width\":512,\"height\":512,\"caption\":\"MS Prestige Service\"},\"image\":{\"@id\":\"https:\\\/\\\/test.nc-com.com\\\/fr\\\/#\\\/schema\\\/logo\\\/image\\\/\"}}]}<\/script>\n<!-- \/ Yoast SEO plugin. -->","yoast_head_json":{"title":"Nos v\u00e9hicules - MS PRESTIGE SERVICE","robots":{"index":"noindex","follow":"follow","max-snippet":"max-snippet:-1","max-image-preview":"max-image-preview:large","max-video-preview":"max-video-preview:-1"},"og_locale":"fr_FR","og_type":"article","og_title":"Nos v\u00e9hicules - MS PRESTIGE SERVICE","og_description":"[vc_row full_width=\u00a0\u00bbstretch_row_content\u00a0\u00bb full_height=\u00a0\u00bbyes\u00a0\u00bb columns_placement=\u00a0\u00bbbottom\u00a0\u00bb content_placement=\u00a0\u00bbbottom\u00a0\u00bb css_animation=\u00a0\u00bbnone\u00a0\u00bb vertical_slider=\u00a0\u00bbtrue\u00a0\u00bb css=\u00a0\u00bb.vc_custom_1747774170022{background-image: url(https:\/\/test.nc-com.com\/wp-content\/uploads\/2025\/05\/mercedes-benz-royal-rovelver-van-vip-vclass-luxury-10.jpg?id=2195) !important;background-position: center !important;background-repeat: no-repeat !important;background-size: cover !important;}\u00a0\u00bb el_class=\u00a0\u00bbhome_row\u00a0\u00bb el_id=\u00a0\u00bbbb44&Prime;][vc_column css_animation=\u00a0\u00bbfadeInUp\u00a0\u00bb][vc_row_inner equal_height=\u00a0\u00bbyes\u00a0\u00bb...","og_url":"https:\/\/test.nc-com.com\/fr\/nos-vehicules\/","og_site_name":"MS PRESTIGE SERVICE","article_modified_time":"2026-01-31T16:33:11+00:00","og_image":[{"width":512,"height":512,"url":"https:\/\/test.nc-com.com\/wp-content\/uploads\/2025\/05\/cropped-Logo_Vertical_BW_MSPS-OnWhite.png","type":"image\/png"}],"twitter_card":"summary_large_image","twitter_misc":{"Dur\u00e9e de lecture estim\u00e9e":"3 minutes"},"schema":{"@context":"https:\/\/schema.org","@graph":[{"@type":"WebPage","@id":"https:\/\/test.nc-com.com\/fr\/nos-vehicules\/","url":"https:\/\/test.nc-com.com\/fr\/nos-vehicules\/","name":"Nos v\u00e9hicules - MS PRESTIGE SERVICE","isPartOf":{"@id":"https:\/\/test.nc-com.com\/fr\/#website"},"primaryImageOfPage":{"@id":"https:\/\/test.nc-com.com\/fr\/nos-vehicules\/#primaryimage"},"image":{"@id":"https:\/\/test.nc-com.com\/fr\/nos-vehicules\/#primaryimage"},"thumbnailUrl":"https:\/\/test.nc-com.com\/wp-content\/uploads\/2025\/05\/cropped-Logo_Vertical_BW_MSPS-OnWhite.png","datePublished":"2025-12-04T22:01:17+00:00","dateModified":"2026-01-31T16:33:11+00:00","breadcrumb":{"@id":"https:\/\/test.nc-com.com\/fr\/nos-vehicules\/#breadcrumb"},"inLanguage":"fr-FR","potentialAction":[{"@type":"ReadAction","target":["https:\/\/test.nc-com.com\/fr\/nos-vehicules\/"]}]},{"@type":"ImageObject","inLanguage":"fr-FR","@id":"https:\/\/test.nc-com.com\/fr\/nos-vehicules\/#primaryimage","url":"https:\/\/test.nc-com.com\/wp-content\/uploads\/2025\/05\/cropped-Logo_Vertical_BW_MSPS-OnWhite.png","contentUrl":"https:\/\/test.nc-com.com\/wp-content\/uploads\/2025\/05\/cropped-Logo_Vertical_BW_MSPS-OnWhite.png","width":512,"height":512,"caption":"MS Prestige Service"},{"@type":"BreadcrumbList","@id":"https:\/\/test.nc-com.com\/fr\/nos-vehicules\/#breadcrumb","itemListElement":[{"@type":"ListItem","position":1,"name":"Accueil","item":"https:\/\/test.nc-com.com\/fr\/"},{"@type":"ListItem","position":2,"name":"Nos v\u00e9hicules"}]},{"@type":"WebSite","@id":"https:\/\/test.nc-com.com\/fr\/#website","url":"https:\/\/test.nc-com.com\/fr\/","name":"MS Prestige Service","description":"Transfers VIP in the south of France","publisher":{"@id":"https:\/\/test.nc-com.com\/fr\/#organization"},"potentialAction":[{"@type":"SearchAction","target":{"@type":"EntryPoint","urlTemplate":"https:\/\/test.nc-com.com\/fr\/?s={search_term_string}"},"query-input":{"@type":"PropertyValueSpecification","valueRequired":true,"valueName":"search_term_string"}}],"inLanguage":"fr-FR"},{"@type":"Organization","@id":"https:\/\/test.nc-com.com\/fr\/#organization","name":"MS Prestige Service","url":"https:\/\/test.nc-com.com\/fr\/","logo":{"@type":"ImageObject","inLanguage":"fr-FR","@id":"https:\/\/test.nc-com.com\/fr\/#\/schema\/logo\/image\/","url":"https:\/\/test.nc-com.com\/wp-content\/uploads\/2025\/05\/cropped-Logo_Vertical_BW_MSPS-OnWhite.png","contentUrl":"https:\/\/test.nc-com.com\/wp-content\/uploads\/2025\/05\/cropped-Logo_Vertical_BW_MSPS-OnWhite.png","width":512,"height":512,"caption":"MS Prestige Service"},"image":{"@id":"https:\/\/test.nc-com.com\/fr\/#\/schema\/logo\/image\/"}}]}},"_links":{"self":[{"href":"https:\/\/test.nc-com.com\/fr\/wp-json\/wp\/v2\/pages\/3154","targetHints":{"allow":["GET"]}}],"collection":[{"href":"https:\/\/test.nc-com.com\/fr\/wp-json\/wp\/v2\/pages"}],"about":[{"href":"https:\/\/test.nc-com.com\/fr\/wp-json\/wp\/v2\/types\/page"}],"author":[{"embeddable":true,"href":"https:\/\/test.nc-com.com\/fr\/wp-json\/wp\/v2\/users\/1"}],"replies":[{"embeddable":true,"href":"https:\/\/test.nc-com.com\/fr\/wp-json\/wp\/v2\/comments?post=3154"}],"version-history":[{"count":11,"href":"https:\/\/test.nc-com.com\/fr\/wp-json\/wp\/v2\/pages\/3154\/revisions"}],"predecessor-version":[{"id":3210,"href":"https:\/\/test.nc-com.com\/fr\/wp-json\/wp\/v2\/pages\/3154\/revisions\/3210"}],"wp:featuredmedia":[{"embeddable":true,"href":"https:\/\/test.nc-com.com\/fr\/wp-json\/wp\/v2\/media\/2212"}],"wp:attachment":[{"href":"https:\/\/test.nc-com.com\/fr\/wp-json\/wp\/v2\/media?parent=3154"}],"curies":[{"name":"wp","href":"https:\/\/api.w.org\/{rel}","templated":true}]}}