{"id":3577,"date":"2025-12-10T12:05:15","date_gmt":"2025-12-10T11:05:15","guid":{"rendered":"https:\/\/test.nc-com.com\/?page_id=3577"},"modified":"2026-02-28T15:38:28","modified_gmt":"2026-02-28T14:38:28","slug":"mercedes-classe-v","status":"publish","type":"page","link":"https:\/\/test.nc-com.com\/fr\/nos-vehicules\/mercedes-classe-v\/","title":{"rendered":"Classe V"},"content":{"rendered":"<div class=\"wpb-content-wrapper\"><p>[vc_row full_width=\u00a0\u00bbstretch_row_content_no_spaces\u00a0\u00bb full_height=\u00a0\u00bbyes\u00a0\u00bb content_placement=\u00a0\u00bbmiddle\u00a0\u00bb css=\u00a0\u00bb.vc_custom_1697020002478{margin-top: 0px !important;margin-bottom: 0px !important;border-top-width: 0px !important;padding-top: 0px !important;background-position: center !important;background-repeat: no-repeat !important;background-size: cover !important;}\u00a0\u00bb el_class=\u00a0\u00bbslider_home slider_bb46&Prime; el_id=\u00a0\u00bbslider\u00a0\u00bb][vc_column css=\u00a0\u00bb.vc_custom_1459764496738{margin-top: 0px !important;padding-top: 0px !important;}\u00a0\u00bb]\n\t\t\t<!-- START CLASSE V REVOLUTION SLIDER 6.7.38 --><p class=\"rs-p-wp-fix\"><\/p>\n\t\t\t<rs-module-wrap id=\"rev_slider_44_1_wrapper\" data-source=\"gallery\" style=\"visibility:hidden;background:transparent;padding:0;\">\n\t\t\t\t<rs-module id=\"rev_slider_44_1\" style=\"\" data-version=\"6.7.38\">\n\t\t\t\t\t<rs-slides style=\"overflow: hidden; position: absolute;\">\n\t\t\t\t\t\t<rs-slide style=\"position: absolute;\" data-key=\"rs-44\" data-title=\"Slide\" data-in=\"o:0;\" data-out=\"a:false;\" class=\"slide_bb46\">\n\t\t\t\t\t\t\t<img src=\"\/\/test.nc-com.com\/wp-content\/uploads\/2025\/05\/maybach-road.jpg\" alt=\"\" title=\"maybach-road\" width=\"1920\" height=\"1080\" class=\"rev-slidebg tp-rs-img\" data-bg=\"p:center top;\" data-no-retina>\n<!--\n\t\t\t\t\t\t\t--><rs-group\n\t\t\t\t\t\t\t\tid=\"slider-44-slide-44-layer-2\" \n\t\t\t\t\t\t\t\tdata-type=\"group\"\n\t\t\t\t\t\t\t\tdata-rsp_ch=\"on\"\n\t\t\t\t\t\t\t\tdata-xy=\"x:r;xo:100px,25px,25px,25px;yo:200px,150px,150px,92px;\"\n\t\t\t\t\t\t\t\tdata-text=\"w:normal;s:20,16,12,7;l:25,20,15,9;\"\n\t\t\t\t\t\t\t\tdata-dim=\"w:auto,auto,450px,400px;\"\n\t\t\t\t\t\t\t\tdata-basealign=\"slide\"\n\t\t\t\t\t\t\t\tdata-frame_0=\"o:1;\"\n\t\t\t\t\t\t\t\tdata-frame_999=\"o:0;st:w;sA:9000;\"\n\t\t\t\t\t\t\t\tstyle=\"z-index:7;\"\n\t\t\t\t\t\t\t><!--\n\t\t\t\t\t\t\t\t--><h1\n\t\t\t\t\t\t\t\t\tid=\"slider-44-slide-44-layer-0\" \n\t\t\t\t\t\t\t\t\tclass=\"rs-layer yacht_h1\"\n\t\t\t\t\t\t\t\t\tdata-type=\"text\"\n\t\t\t\t\t\t\t\t\tdata-rsp_ch=\"on\"\n\t\t\t\t\t\t\t\t\tdata-xy=\"x:l,l,c,c;yo:0,50px,80px,0;\"\n\t\t\t\t\t\t\t\t\tdata-pos=\"r\"\n\t\t\t\t\t\t\t\t\tdata-text=\"w:normal;s:100,81,81,81;l:81;ls:10px,10px,10px,6px;\"\n\t\t\t\t\t\t\t\t\tdata-basealign=\"group\"\n\t\t\t\t\t\t\t\t\tdata-frame_0=\"x:right;\"\n\t\t\t\t\t\t\t\t\tdata-frame_1=\"e:power0.inOut;st:500;sp:1500;\"\n\t\t\t\t\t\t\t\t\tdata-frame_999=\"o:0;st:w;sR:6900;\"\n\t\t\t\t\t\t\t\t\tstyle=\"z-index:7;font-family:'Bebas Neue';\"\n\t\t\t\t\t\t\t\t>MERCEDES<br>CLASSE V \n\t\t\t\t\t\t\t\t<\/h1><!--\n\n\t\t\t\t\t\t\t\t--><h2\n\t\t\t\t\t\t\t\t\tid=\"slider-44-slide-44-layer-1\" \n\t\t\t\t\t\t\t\t\tclass=\"rs-layer yacht_h2\"\n\t\t\t\t\t\t\t\t\tdata-type=\"text\"\n\t\t\t\t\t\t\t\t\tdata-rsp_ch=\"on\"\n\t\t\t\t\t\t\t\t\tdata-xy=\"x:l,l,c,c;yo:0,50px,80px,0;\"\n\t\t\t\t\t\t\t\t\tdata-pos=\"r\"\n\t\t\t\t\t\t\t\t\tdata-text=\"w:normal;s:46,36,36,45;l:62,42,42,45;\"\n\t\t\t\t\t\t\t\t\tdata-basealign=\"group\"\n\t\t\t\t\t\t\t\t\tdata-frame_0=\"x:right;\"\n\t\t\t\t\t\t\t\t\tdata-frame_1=\"e:power0.inOut;st:1000;sp:1500;sR:1000;\"\n\t\t\t\t\t\t\t\t\tdata-frame_999=\"o:0;st:w;sR:7000;\"\n\t\t\t\t\t\t\t\t\tstyle=\"z-index:6;font-family:'Playfair Display';\"\n\t\t\t\t\t\t\t\t>La nouvelle r\u00e9f\u00e9rence du voyage d\u2019exception\u2026 \n\t\t\t\t\t\t\t\t<\/h2><!--\n\t\t\t\t\t\t\t--><\/rs-group><!--\n\n\t\t\t\t\t\t\t--><rs-layer\n\t\t\t\t\t\t\t\tid=\"slider-44-slide-44-layer-5\" \n\t\t\t\t\t\t\t\tdata-type=\"text\"\n\t\t\t\t\t\t\t\tdata-color=\"transparent\"\n\t\t\t\t\t\t\t\tdata-rsp_ch=\"on\"\n\t\t\t\t\t\t\t\tdata-xy=\"x:c;y:b;yo:50px,50px,30px,20px;\"\n\t\t\t\t\t\t\t\tdata-text=\"w:normal;l:22;\"\n\t\t\t\t\t\t\t\tdata-dim=\"w:65px;h:23px;\"\n\t\t\t\t\t\t\t\tdata-frame_0=\"y:bottom;\"\n\t\t\t\t\t\t\t\tdata-frame_1=\"e:power1.out;st:1480;sp:2000;sR:1480;\"\n\t\t\t\t\t\t\t\tdata-frame_999=\"o:0;e:nothing;st:w;sR:5520;\"\n\t\t\t\t\t\t\t\tstyle=\"z-index:6;font-family:'Roboto';\"\n\t\t\t\t\t\t\t><a class=\"mouse-scroll scroll-to-anchor\">mouse<\/a> \n\t\t\t\t\t\t\t<\/rs-layer><!--\n-->\t\t\t\t\t<\/rs-slide>\n\t\t\t\t\t<\/rs-slides>\n\t\t\t\t<\/rs-module>\n\t\t\t\t<script>\n\t\t\t\t\tsetREVStartSize({c: 'rev_slider_44_1',rl:[1240,1024,778,480],el:[868,768,960,720],gw:[1240,1024,778,480],gh:[868,768,960,720],type:'standard',justify:'',layout:'fullscreen',offsetContainer:'',offset:'',mh:\"0\"});if (window.RS_MODULES!==undefined && window.RS_MODULES.modules!==undefined && window.RS_MODULES.modules[\"revslider441\"]!==undefined) {window.RS_MODULES.modules[\"revslider441\"].once = false;window.revapi44 = undefined;if (window.RS_MODULES.checkMinimal!==undefined) window.RS_MODULES.checkMinimal()}\n\t\t\t\t<\/script>\n\t\t\t<\/rs-module-wrap>\n\t\t\t<!-- END REVOLUTION SLIDER -->\n[\/vc_column][\/vc_row][vc_row full_width=\u00a0\u00bbstretch_row_content\u00a0\u00bb gap=\u00a0\u00bb35&Prime; equal_height=\u00a0\u00bbyes\u00a0\u00bb content_placement=\u00a0\u00bbmiddle\u00a0\u00bb el_class=\u00a0\u00bbyacht_intro\u00a0\u00bb el_id=\u00a0\u00bbintro\u00a0\u00bb][vc_column width=\u00a0\u00bb1\/3&Prime; css_animation=\u00a0\u00bbnone\u00a0\u00bb][vc_column_text css=\u00a0\u00bb\u00a0\u00bb el_class=\u00a0\u00bbyacht_name\u00a0\u00bb]<span class=\"light\">Mercedes<\/span><br \/>\nCLASSE V[\/vc_column_text][vc_column_text css=\u00a0\u00bb\u00a0\u00bb el_class=\u00a0\u00bbyacht_intro_txt\u00a0\u00bb]La Mercedes Classe V incarne le transport <strong>haut de gamme spacieux<\/strong> et polyvalent, alliant \u00e9l\u00e9gance, modularit\u00e9 et <strong>confort<\/strong> exceptionnel pour offrir une <strong>exp\u00e9rience<\/strong> de voyage <strong>premium<\/strong> en groupe.<\/p>\n<p>Con\u00e7ue pour r\u00e9pondre aux exigences des <strong>d\u00e9placements professionnels<\/strong> comme <strong>priv\u00e9s<\/strong>, la Classe V combine <strong>design raffin\u00e9<\/strong>, <strong>habitacle g\u00e9n\u00e9reux<\/strong> et technologies avanc\u00e9es pour transformer chaque trajet en moment privil\u00e9gi\u00e9.<br \/>\n[\/vc_column_text][\/vc_column][vc_column width=\u00a0\u00bb2\/3&Prime; css_animation=\u00a0\u00bbnone\u00a0\u00bb][vc_single_image image=\u00a0\u00bb2396&Prime; img_size=\u00a0\u00bbfull\u00a0\u00bb alignment=\u00a0\u00bbcenter\u00a0\u00bb css=\u00a0\u00bb\u00a0\u00bb el_class=\u00a0\u00bbintro_img\u00a0\u00bb][vc_column_text css=\u00a0\u00bb\u00a0\u00bb el_class=\u00a0\u00bbyacht_intro_attr\u00a0\u00bb]<\/p>\n<p class=\"intro_attr\">7<span class=\"intro_attr_name\">Places<\/span><\/p>\n<p class=\"intro_attr\">Wi-Fi<span class=\"intro_attr_name\">Inclus<\/span><\/p>\n<p class=\"intro_attr\">Comfort<span class=\"intro_attr_name\">Luxe<\/span><\/p>\n<p>[\/vc_column_text][\/vc_column][\/vc_row][vc_row full_width=\u00a0\u00bbstretch_row_content\u00a0\u00bb gap=\u00a0\u00bb35&Prime; equal_height=\u00a0\u00bbyes\u00a0\u00bb content_placement=\u00a0\u00bbmiddle\u00a0\u00bb el_class=\u00a0\u00bbyacht_intro2&Prime; el_id=\u00a0\u00bbinfos\u00a0\u00bb][vc_column width=\u00a0\u00bb7\/12&Prime;][vc_single_image image=\u00a0\u00bb2402&Prime; img_size=\u00a0\u00bbfull\u00a0\u00bb alignment=\u00a0\u00bbcenter\u00a0\u00bb css=\u00a0\u00bb\u00a0\u00bb css_animation=\u00a0\u00bbnone\u00a0\u00bb el_class=\u00a0\u00bbintro2_img img_espace\u00a0\u00bb][vc_single_image image=\u00a0\u00bb2399&Prime; img_size=\u00a0\u00bbfull\u00a0\u00bb alignment=\u00a0\u00bbcenter\u00a0\u00bb css=\u00a0\u00bb.vc_custom_1763138056740{margin-top: 100px !important;}\u00a0\u00bb css_animation=\u00a0\u00bbnone\u00a0\u00bb el_class=\u00a0\u00bbintro2_img img_elegance\u00a0\u00bb][\/vc_column][vc_column width=\u00a0\u00bb5\/12&Prime;][vc_column_text css=\u00a0\u00bb\u00a0\u00bb el_class=\u00a0\u00bbintro2_bloc_txt\u00a0\u00bb]<span class=\"intro2_title title_design\">\u00c9l\u00e9gance &amp; Polyvalence<\/span><span class=\"intro2_txt\">La Mercedes Classe V affiche une silhouette moderne et statutaire. Son design soign\u00e9 et ses lignes dynamiques traduisent \u00e0 la fois distinction et fonctionnalit\u00e9. Elle offre une pr\u00e9sence \u00e9l\u00e9gante tout en garantissant une capacit\u00e9 d\u2019accueil optimale.<\/span>[\/vc_column_text][vc_column_text css=\u00a0\u00bb\u00a0\u00bb el_class=\u00a0\u00bbintro2_bloc_txt\u00a0\u00bb]<span class=\"intro2_title title_eco\">Engagement \u00c9cologique<\/span><span class=\"intro2_txt\">\u00c9quip\u00e9e de motorisations efficientes et conformes aux normes environnementales les plus r\u00e9centes, la Classe V optimise consommation et performance. Elle permet de concilier transport premium et responsabilit\u00e9 environnementale.<\/span>[\/vc_column_text][vc_column_text css=\u00a0\u00bb\u00a0\u00bb el_class=\u00a0\u00bbintro2_bloc_txt\u00a0\u00bb]<span class=\"intro2_title title_stabilite\">Confort &amp; Espace<\/span><span class=\"intro2_txt\">Son habitacle spacieux et modulable offre un confort remarquable pour tous les passagers. Les si\u00e8ges ergonomiques, l\u2019espace g\u00e9n\u00e9reux aux jambes et la qualit\u00e9 des mat\u00e9riaux cr\u00e9ent une atmosph\u00e8re \u00e0 la fois conviviale et prestigieuse.<\/span>[\/vc_column_text][vc_column_text css=\u00a0\u00bb\u00a0\u00bb el_class=\u00a0\u00bbintro2_bloc_txt\u00a0\u00bb]<span class=\"intro2_title title_solidite\">S\u00e9curit\u00e9 &amp; Fiabilit\u00e9<\/span><span class=\"intro2_txt\">La Mercedes Classe V int\u00e8gre des syst\u00e8mes d\u2019assistance \u00e0 la conduite avanc\u00e9s et une structure robuste garantissant s\u00e9curit\u00e9 et s\u00e9r\u00e9nit\u00e9. Chaque trajet s\u2019effectue dans des conditions optimales, quelles que soient les distances.<\/span>[\/vc_column_text][vc_column_text css=\u00a0\u00bb\u00a0\u00bb el_class=\u00a0\u00bbintro2_bloc_txt\u00a0\u00bb]<span class=\"intro2_title title_smart\">Technologie de Pointe<\/span><span class=\"intro2_txt\">Connectivit\u00e9 intelligente, interface num\u00e9rique intuitive et syst\u00e8mes d\u2019aide \u00e0 la conduite innovants font de la Classe V un v\u00e9hicule moderne, performant et parfaitement adapt\u00e9 aux exigences contemporaines.<\/span>[\/vc_column_text][\/vc_column][\/vc_row][vc_row full_width=\u00a0\u00bbstretch_row_content\u00a0\u00bb el_class=\u00a0\u00bbyacht_section interieur\u00a0\u00bb el_id=\u00a0\u00bbinterieur\u00a0\u00bb][vc_column][vc_row_inner el_class=\u00a0\u00bbsection_title\u00a0\u00bb][vc_column_inner][vc_column_text css=\u00a0\u00bb\u00a0\u00bb el_class=\u00a0\u00bbyacht_section_title\u00a0\u00bb]<span class=\"light\">Classe V : <\/span>Int\u00e9rieur[\/vc_column_text][\/vc_column_inner][\/vc_row_inner][vc_row_inner el_class=\u00a0\u00bbsection_content\u00a0\u00bb][vc_column_inner][vc_column_text css=\u00a0\u00bb\u00a0\u00bb el_class=\u00a0\u00bbyacht_section_subtitle\u00a0\u00bb]<\/p>\n<h2><span class=\"light\">L\u2019Espace Premium<\/span><span class=\"semi_bold\">Confort &amp; Modularit\u00e9<\/span><\/h2>\n<p>[\/vc_column_text][vc_column_text css=\u00a0\u00bb\u00a0\u00bb el_class=\u00a0\u00bbsection_txt_intro\u00a0\u00bb]L\u2019int\u00e9rieur de la Mercedes Classe V est pens\u00e9 pour offrir un espace spacieux, \u00e9l\u00e9gant et modulable. Chaque d\u00e9tail contribue \u00e0 une exp\u00e9rience confortable et harmonieuse, que ce soit pour un transfert professionnel, un d\u00e9placement familial ou un \u00e9v\u00e9nement priv\u00e9.[\/vc_column_text][vc_images_carousel images=\u00a0\u00bb2398,2208&Prime; img_size=\u00a0\u00bbfull\u00a0\u00bb wrap=\u00a0\u00bbyes\u00a0\u00bb css=\u00a0\u00bb\u00a0\u00bb el_class=\u00a0\u00bbsection_slider\u00a0\u00bb][vc_column_text css=\u00a0\u00bb\u00a0\u00bb el_class=\u00a0\u00bbsection_txt\u00a0\u00bb]<\/p>\n<h3>Un confort sans compromis<\/h3>\n<p>La conception \u00e9l\u00e9gante et harmonieuse de l\u2019espace arri\u00e8re cr\u00e9e une atmosph\u00e8re spacieuse, sereine et raffin\u00e9e. Chaque \u00e9l\u00e9ment \u2014 des lignes \u00e9pur\u00e9es aux mat\u00e9riaux luxueux \u2014 a \u00e9t\u00e9 pens\u00e9 pour offrir un confort absolu, permettant aux passagers de profiter d\u2019un moment de d\u00e9tente totale \u00e0 chaque trajet.[\/vc_column_text][\/vc_column_inner][\/vc_row_inner][vc_row_inner equal_height=\u00a0\u00bbyes\u00a0\u00bb content_placement=\u00a0\u00bbtop\u00a0\u00bb el_class=\u00a0\u00bbyacht_blocs\u00a0\u00bb][vc_column_inner width=\u00a0\u00bb1\/3&Prime;][vc_column_text css=\u00a0\u00bb.vc_custom_1772289437658{background-image: url(https:\/\/test.nc-com.com\/wp-content\/uploads\/2025\/11\/Mercedes_Maybach_detente.jpg?id=2406) !important;background-position: 0 0 !important;background-repeat: no-repeat !important;}\u00a0\u00bb el_class=\u00a0\u00bbbloc_detail_title\u00a0\u00bb]Un confort partag\u00e9[\/vc_column_text][vc_column_text css=\u00a0\u00bb\u00a0\u00bb el_class=\u00a0\u00bbbloc_detail_txt\u00a0\u00bb]La configuration flexible des si\u00e8ges permet d\u2019adapter l\u2019espace selon vos besoins. L\u2019atmosph\u00e8re lumineuse et les finitions haut de gamme assurent une exp\u00e9rience agr\u00e9able pour tous les passagers.[\/vc_column_text][\/vc_column_inner][vc_column_inner width=\u00a0\u00bb1\/3&Prime;][vc_column_text css=\u00a0\u00bb.vc_custom_1763139451567{background-image: url(https:\/\/test.nc-com.com\/wp-content\/uploads\/2025\/11\/tranfert_aeroport.jpg?id=2359) !important;background-position: 0 0 !important;background-repeat: no-repeat !important;}\u00a0\u00bb el_class=\u00a0\u00bbbloc_detail_title\u00a0\u00bb]Transfert a\u00e9roport[\/vc_column_text][vc_column_text css=\u00a0\u00bb\u00a0\u00bb el_class=\u00a0\u00bbbloc_detail_txt\u00a0\u00bb]La Mercedes Classe V est id\u00e9ale pour les transferts a\u00e9roport en groupe. Son vaste espace bagages et son habitacle spacieux garantissent un trajet fluide et confortable, m\u00eame avec plusieurs valises.<br \/>\nPonctualit\u00e9, organisation et s\u00e9r\u00e9nit\u00e9 accompagnent chaque d\u00e9placement.[\/vc_column_text][\/vc_column_inner][vc_column_inner width=\u00a0\u00bb1\/3&Prime;][vc_column_text css=\u00a0\u00bb.vc_custom_1772289471090{background-image: url(https:\/\/test.nc-com.com\/wp-content\/uploads\/2025\/11\/Transport_evenements.webp?id=2362) !important;background-position: 0 0 !important;background-repeat: no-repeat !important;}\u00a0\u00bb el_class=\u00a0\u00bbbloc_detail_title\u00a0\u00bb]\u00c9v\u00e9nements &amp; Groupes VIP[\/vc_column_text][vc_column_text css=\u00a0\u00bb\u00a0\u00bb el_class=\u00a0\u00bbbloc_detail_txt\u00a0\u00bb]Parfaite pour les d\u00e9l\u00e9gations, mariages, congr\u00e8s ou \u00e9v\u00e9nements priv\u00e9s, la Classe V offre un cadre \u00e9l\u00e9gant et confortable pour les groupes. Elle allie prestige et praticit\u00e9, assurant une logistique fluide et haut de gamme.[\/vc_column_text][\/vc_column_inner][\/vc_row_inner][\/vc_column][\/vc_row][vc_row full_width=\u00a0\u00bbstretch_row_content\u00a0\u00bb el_class=\u00a0\u00bbyacht_section gamme\u00a0\u00bb el_id=\u00a0\u00bbequipements\u00a0\u00bb][vc_column][vc_row_inner el_class=\u00a0\u00bbsection_title\u00a0\u00bb][vc_column_inner][vc_column_text css=\u00a0\u00bb\u00a0\u00bb el_class=\u00a0\u00bbyacht_section_title\u00a0\u00bb]<span class=\"light\">Classe V : <\/span>\u00e9quipements[\/vc_column_text][\/vc_column_inner][\/vc_row_inner][vc_row_inner el_class=\u00a0\u00bbsection_content yacht_gamme\u00a0\u00bb][vc_column_inner][vc_column_text css=\u00a0\u00bb\u00a0\u00bb el_class=\u00a0\u00bbyacht_section_subtitle\u00a0\u00bb]<\/p>\n<h2><span class=\"light\">L\u2019Int\u00e9rieur Prestige<\/span><span class=\"semi_bold\">Confort &amp; Performance<\/span><\/h2>\n<p>[\/vc_column_text][vc_column_text css=\u00a0\u00bb\u00a0\u00bb el_class=\u00a0\u00bbsection_txt_intro\u00a0\u00bb]Spacieuse, raffin\u00e9e et parfaitement \u00e9quip\u00e9e, la Mercedes Classe V combine technologies avanc\u00e9es, confort premium et modularit\u00e9 intelligente.<br \/>\nChaque trajet devient une exp\u00e9rience collective agr\u00e9able, o\u00f9 \u00e9l\u00e9gance et efficacit\u00e9 se rencontrent.[\/vc_column_text][\/vc_column_inner][\/vc_row_inner][vc_row_inner content_placement=\u00a0\u00bbtop\u00a0\u00bb el_class=\u00a0\u00bbyacht_equipement\u00a0\u00bb][vc_column_inner][vc_single_image image=\u00a0\u00bb2409&Prime; img_size=\u00a0\u00bbfull\u00a0\u00bb alignment=\u00a0\u00bbcenter\u00a0\u00bb css=\u00a0\u00bb\u00a0\u00bb el_class=\u00a0\u00bbgamme_img\u00a0\u00bb][vc_column_text css=\u00a0\u00bb\u00a0\u00bb el_class=\u00a0\u00bbequipement_details\u00a0\u00bb]\u00c9quipements Premium :<\/p>\n<ul>\n<li>Si\u00e8ges confort optimal<\/li>\n<li>Climatisation multizone r\u00e9glable individuellement<\/li>\n<\/ul>\n<p>[\/vc_column_text][\/vc_column_inner][\/vc_row_inner][\/vc_column][\/vc_row][vc_row el_class=\u00a0\u00bbrow_menu_section\u00a0\u00bb][vc_column][vc_column_text css=\u00a0\u00bb\u00a0\u00bb el_class=\u00a0\u00bbmenu_section\u00a0\u00bb]<a class=\"menu_infos\" href=\"#infos\">Classe V<\/a><a class=\"menu_interieur\" href=\"#interieur\">Int\u00e9rieur<\/a><a class=\"menu_equipements\" href=\"#equipements\">\u00c9quipements<\/a>[\/vc_column_text][\/vc_column][\/vc_row][vc_row el_class=\u00a0\u00bbrow_btn_devis\u00a0\u00bb][vc_column][vc_column_text css=\u00a0\u00bb\u00a0\u00bb el_class=\u00a0\u00bbbtn_devis\u00a0\u00bb]<a class=\"link_devis\" href=\"https:\/\/test.nc-com.com\/fr\/contact\/\">R\u00e9server votre chauffeur priv\u00e9<\/a>[\/vc_column_text][\/vc_column][\/vc_row]<\/p>\n<\/div>","protected":false},"excerpt":{"rendered":"<p>[vc_row full_width=\u00a0\u00bbstretch_row_content_no_spaces\u00a0\u00bb full_height=\u00a0\u00bbyes\u00a0\u00bb content_placement=\u00a0\u00bbmiddle\u00a0\u00bb css=\u00a0\u00bb.vc_custom_1697020002478{margin-top: 0px !important;margin-bottom: 0px !important;border-top-width: 0px !important;padding-top: 0px !important;background-position: center !important;background-repeat: no-repeat !important;background-size: cover !important;}\u00a0\u00bb el_class=\u00a0\u00bbslider_home&#8230;<\/p>\n","protected":false},"author":1,"featured_media":0,"parent":3154,"menu_order":0,"comment_status":"closed","ping_status":"closed","template":"","meta":{"footnotes":""},"class_list":["post-3577","page","type-page","status-publish"],"yoast_head":"<!-- This site is optimized with the Yoast SEO plugin v27.3 - https:\/\/yoast.com\/product\/yoast-seo-wordpress\/ -->\n<title>Classe V - MS PRESTIGE SERVICE<\/title>\n<meta name=\"robots\" content=\"noindex, follow, max-snippet:-1, max-image-preview:large, max-video-preview:-1\" \/>\n<meta property=\"og:locale\" content=\"fr_FR\" \/>\n<meta property=\"og:type\" content=\"article\" \/>\n<meta property=\"og:title\" content=\"Classe V - MS PRESTIGE SERVICE\" \/>\n<meta property=\"og:description\" content=\"[vc_row full_width=\u00a0\u00bbstretch_row_content_no_spaces\u00a0\u00bb full_height=\u00a0\u00bbyes\u00a0\u00bb content_placement=\u00a0\u00bbmiddle\u00a0\u00bb css=\u00a0\u00bb.vc_custom_1697020002478{margin-top: 0px !important;margin-bottom: 0px !important;border-top-width: 0px !important;padding-top: 0px !important;background-position: center !important;background-repeat: no-repeat !important;background-size: cover !important;}\u00a0\u00bb el_class=\u00a0\u00bbslider_home...\" \/>\n<meta property=\"og:url\" content=\"https:\/\/test.nc-com.com\/fr\/nos-vehicules\/mercedes-classe-v\/\" \/>\n<meta property=\"og:site_name\" content=\"MS PRESTIGE SERVICE\" \/>\n<meta property=\"article:modified_time\" content=\"2026-02-28T14:38:28+00:00\" \/>\n<meta property=\"og:image\" content=\"https:\/\/test.nc-com.com\/wp-content\/uploads\/2023\/04\/bbyachts_logo-white.png\" \/>\n\t<meta property=\"og:image:width\" content=\"250\" \/>\n\t<meta property=\"og:image:height\" content=\"72\" \/>\n\t<meta property=\"og:image:type\" content=\"image\/png\" \/>\n<meta name=\"twitter:card\" content=\"summary_large_image\" \/>\n<meta name=\"twitter:label1\" content=\"Dur\u00e9e de lecture estim\u00e9e\" \/>\n\t<meta name=\"twitter:data1\" content=\"6 minutes\" \/>\n<script type=\"application\/ld+json\" class=\"yoast-schema-graph\">{\"@context\":\"https:\\\/\\\/schema.org\",\"@graph\":[{\"@type\":\"WebPage\",\"@id\":\"https:\\\/\\\/test.nc-com.com\\\/fr\\\/nos-vehicules\\\/mercedes-classe-v\\\/\",\"url\":\"https:\\\/\\\/test.nc-com.com\\\/fr\\\/nos-vehicules\\\/mercedes-classe-v\\\/\",\"name\":\"Classe V - MS PRESTIGE SERVICE\",\"isPartOf\":{\"@id\":\"https:\\\/\\\/test.nc-com.com\\\/fr\\\/#website\"},\"datePublished\":\"2025-12-10T11:05:15+00:00\",\"dateModified\":\"2026-02-28T14:38:28+00:00\",\"breadcrumb\":{\"@id\":\"https:\\\/\\\/test.nc-com.com\\\/fr\\\/nos-vehicules\\\/mercedes-classe-v\\\/#breadcrumb\"},\"inLanguage\":\"fr-FR\",\"potentialAction\":[{\"@type\":\"ReadAction\",\"target\":[\"https:\\\/\\\/test.nc-com.com\\\/fr\\\/nos-vehicules\\\/mercedes-classe-v\\\/\"]}]},{\"@type\":\"BreadcrumbList\",\"@id\":\"https:\\\/\\\/test.nc-com.com\\\/fr\\\/nos-vehicules\\\/mercedes-classe-v\\\/#breadcrumb\",\"itemListElement\":[{\"@type\":\"ListItem\",\"position\":1,\"name\":\"Accueil\",\"item\":\"https:\\\/\\\/test.nc-com.com\\\/fr\\\/\"},{\"@type\":\"ListItem\",\"position\":2,\"name\":\"Nos v\u00e9hicules\",\"item\":\"https:\\\/\\\/test.nc-com.com\\\/fr\\\/nos-vehicules\\\/\"},{\"@type\":\"ListItem\",\"position\":3,\"name\":\"Classe V\"}]},{\"@type\":\"WebSite\",\"@id\":\"https:\\\/\\\/test.nc-com.com\\\/fr\\\/#website\",\"url\":\"https:\\\/\\\/test.nc-com.com\\\/fr\\\/\",\"name\":\"MS Prestige Service\",\"description\":\"Transfers VIP in the south of France\",\"publisher\":{\"@id\":\"https:\\\/\\\/test.nc-com.com\\\/fr\\\/#organization\"},\"potentialAction\":[{\"@type\":\"SearchAction\",\"target\":{\"@type\":\"EntryPoint\",\"urlTemplate\":\"https:\\\/\\\/test.nc-com.com\\\/fr\\\/?s={search_term_string}\"},\"query-input\":{\"@type\":\"PropertyValueSpecification\",\"valueRequired\":true,\"valueName\":\"search_term_string\"}}],\"inLanguage\":\"fr-FR\"},{\"@type\":\"Organization\",\"@id\":\"https:\\\/\\\/test.nc-com.com\\\/fr\\\/#organization\",\"name\":\"MS Prestige Service\",\"url\":\"https:\\\/\\\/test.nc-com.com\\\/fr\\\/\",\"logo\":{\"@type\":\"ImageObject\",\"inLanguage\":\"fr-FR\",\"@id\":\"https:\\\/\\\/test.nc-com.com\\\/fr\\\/#\\\/schema\\\/logo\\\/image\\\/\",\"url\":\"https:\\\/\\\/test.nc-com.com\\\/wp-content\\\/uploads\\\/2025\\\/05\\\/cropped-Logo_Vertical_BW_MSPS-OnWhite.png\",\"contentUrl\":\"https:\\\/\\\/test.nc-com.com\\\/wp-content\\\/uploads\\\/2025\\\/05\\\/cropped-Logo_Vertical_BW_MSPS-OnWhite.png\",\"width\":512,\"height\":512,\"caption\":\"MS Prestige Service\"},\"image\":{\"@id\":\"https:\\\/\\\/test.nc-com.com\\\/fr\\\/#\\\/schema\\\/logo\\\/image\\\/\"}}]}<\/script>\n<!-- \/ Yoast SEO plugin. -->","yoast_head_json":{"title":"Classe V - MS PRESTIGE SERVICE","robots":{"index":"noindex","follow":"follow","max-snippet":"max-snippet:-1","max-image-preview":"max-image-preview:large","max-video-preview":"max-video-preview:-1"},"og_locale":"fr_FR","og_type":"article","og_title":"Classe V - MS PRESTIGE SERVICE","og_description":"[vc_row full_width=\u00a0\u00bbstretch_row_content_no_spaces\u00a0\u00bb full_height=\u00a0\u00bbyes\u00a0\u00bb content_placement=\u00a0\u00bbmiddle\u00a0\u00bb css=\u00a0\u00bb.vc_custom_1697020002478{margin-top: 0px !important;margin-bottom: 0px !important;border-top-width: 0px !important;padding-top: 0px !important;background-position: center !important;background-repeat: no-repeat !important;background-size: cover !important;}\u00a0\u00bb el_class=\u00a0\u00bbslider_home...","og_url":"https:\/\/test.nc-com.com\/fr\/nos-vehicules\/mercedes-classe-v\/","og_site_name":"MS PRESTIGE SERVICE","article_modified_time":"2026-02-28T14:38:28+00:00","og_image":[{"width":250,"height":72,"url":"https:\/\/test.nc-com.com\/wp-content\/uploads\/2023\/04\/bbyachts_logo-white.png","type":"image\/png"}],"twitter_card":"summary_large_image","twitter_misc":{"Dur\u00e9e de lecture estim\u00e9e":"6 minutes"},"schema":{"@context":"https:\/\/schema.org","@graph":[{"@type":"WebPage","@id":"https:\/\/test.nc-com.com\/fr\/nos-vehicules\/mercedes-classe-v\/","url":"https:\/\/test.nc-com.com\/fr\/nos-vehicules\/mercedes-classe-v\/","name":"Classe V - MS PRESTIGE SERVICE","isPartOf":{"@id":"https:\/\/test.nc-com.com\/fr\/#website"},"datePublished":"2025-12-10T11:05:15+00:00","dateModified":"2026-02-28T14:38:28+00:00","breadcrumb":{"@id":"https:\/\/test.nc-com.com\/fr\/nos-vehicules\/mercedes-classe-v\/#breadcrumb"},"inLanguage":"fr-FR","potentialAction":[{"@type":"ReadAction","target":["https:\/\/test.nc-com.com\/fr\/nos-vehicules\/mercedes-classe-v\/"]}]},{"@type":"BreadcrumbList","@id":"https:\/\/test.nc-com.com\/fr\/nos-vehicules\/mercedes-classe-v\/#breadcrumb","itemListElement":[{"@type":"ListItem","position":1,"name":"Accueil","item":"https:\/\/test.nc-com.com\/fr\/"},{"@type":"ListItem","position":2,"name":"Nos v\u00e9hicules","item":"https:\/\/test.nc-com.com\/fr\/nos-vehicules\/"},{"@type":"ListItem","position":3,"name":"Classe V"}]},{"@type":"WebSite","@id":"https:\/\/test.nc-com.com\/fr\/#website","url":"https:\/\/test.nc-com.com\/fr\/","name":"MS Prestige Service","description":"Transfers VIP in the south of France","publisher":{"@id":"https:\/\/test.nc-com.com\/fr\/#organization"},"potentialAction":[{"@type":"SearchAction","target":{"@type":"EntryPoint","urlTemplate":"https:\/\/test.nc-com.com\/fr\/?s={search_term_string}"},"query-input":{"@type":"PropertyValueSpecification","valueRequired":true,"valueName":"search_term_string"}}],"inLanguage":"fr-FR"},{"@type":"Organization","@id":"https:\/\/test.nc-com.com\/fr\/#organization","name":"MS Prestige Service","url":"https:\/\/test.nc-com.com\/fr\/","logo":{"@type":"ImageObject","inLanguage":"fr-FR","@id":"https:\/\/test.nc-com.com\/fr\/#\/schema\/logo\/image\/","url":"https:\/\/test.nc-com.com\/wp-content\/uploads\/2025\/05\/cropped-Logo_Vertical_BW_MSPS-OnWhite.png","contentUrl":"https:\/\/test.nc-com.com\/wp-content\/uploads\/2025\/05\/cropped-Logo_Vertical_BW_MSPS-OnWhite.png","width":512,"height":512,"caption":"MS Prestige Service"},"image":{"@id":"https:\/\/test.nc-com.com\/fr\/#\/schema\/logo\/image\/"}}]}},"_links":{"self":[{"href":"https:\/\/test.nc-com.com\/fr\/wp-json\/wp\/v2\/pages\/3577","targetHints":{"allow":["GET"]}}],"collection":[{"href":"https:\/\/test.nc-com.com\/fr\/wp-json\/wp\/v2\/pages"}],"about":[{"href":"https:\/\/test.nc-com.com\/fr\/wp-json\/wp\/v2\/types\/page"}],"author":[{"embeddable":true,"href":"https:\/\/test.nc-com.com\/fr\/wp-json\/wp\/v2\/users\/1"}],"replies":[{"embeddable":true,"href":"https:\/\/test.nc-com.com\/fr\/wp-json\/wp\/v2\/comments?post=3577"}],"version-history":[{"count":11,"href":"https:\/\/test.nc-com.com\/fr\/wp-json\/wp\/v2\/pages\/3577\/revisions"}],"predecessor-version":[{"id":3811,"href":"https:\/\/test.nc-com.com\/fr\/wp-json\/wp\/v2\/pages\/3577\/revisions\/3811"}],"up":[{"embeddable":true,"href":"https:\/\/test.nc-com.com\/fr\/wp-json\/wp\/v2\/pages\/3154"}],"wp:attachment":[{"href":"https:\/\/test.nc-com.com\/fr\/wp-json\/wp\/v2\/media?parent=3577"}],"curies":[{"name":"wp","href":"https:\/\/api.w.org\/{rel}","templated":true}]}}