{"id":757,"date":"2023-04-28T22:35:35","date_gmt":"2023-04-28T20:35:35","guid":{"rendered":"https:\/\/test.nc-com.com\/?page_id=757"},"modified":"2025-11-17T14:59:56","modified_gmt":"2025-11-17T13:59:56","slug":"a-propos","status":"publish","type":"page","link":"https:\/\/test.nc-com.com\/fr\/a-propos\/","title":{"rendered":"\u00c0 propos"},"content":{"rendered":"<div class=\"wpb-content-wrapper\"><p>[vc_row full_width=\u00a0\u00bbstretch_row_content_no_spaces\u00a0\u00bb full_height=\u00a0\u00bbyes\u00a0\u00bb equal_height=\u00a0\u00bbyes\u00a0\u00bb content_placement=\u00a0\u00bbmiddle\u00a0\u00bb css=\u00a0\u00bb.vc_custom_1690889710988{margin-top: 0px !important;margin-bottom: 0px !important;border-top-width: 0px !important;padding-top: 0px !important;background-position: center !important;background-repeat: no-repeat !important;background-size: cover !important;}\u00a0\u00bb el_class=\u00a0\u00bbslider_home slider_apropos\u00a0\u00bb][vc_column css=\u00a0\u00bb.vc_custom_1459764496738{margin-top: 0px !important;padding-top: 0px !important;}\u00a0\u00bb]\n\t\t\t<!-- START \u00c0 PROPOS REVOLUTION SLIDER 6.7.38 --><p class=\"rs-p-wp-fix\"><\/p>\n\t\t\t<rs-module-wrap id=\"rev_slider_3_1_wrapper\" data-source=\"gallery\" style=\"visibility:hidden;background:transparent;padding:0;\">\n\t\t\t\t<rs-module id=\"rev_slider_3_1\" style=\"\" data-version=\"6.7.38\">\n\t\t\t\t\t<rs-slides style=\"overflow: hidden; position: absolute;\">\n\t\t\t\t\t\t<rs-slide style=\"position: absolute;\" data-key=\"rs-3\" data-title=\"Slide\" data-in=\"o:0;\" data-out=\"a:false;\">\n\t\t\t\t\t\t\t<img src=\"\/\/test.nc-com.com\/wp-content\/uploads\/2025\/11\/Mercedes_Maybach_a_propos.jpeg\" alt=\"\" title=\"Mercedes_Maybach_a_propos\" width=\"2240\" height=\"1260\" class=\"rev-slidebg tp-rs-img\" data-bg=\"p:center top;f:contain;\" data-no-retina>\n<!--\n\t\t\t\t\t\t\t--><h1\n\t\t\t\t\t\t\t\tid=\"slider-3-slide-3-layer-0\" \n\t\t\t\t\t\t\t\tclass=\"rs-layer home_h1\"\n\t\t\t\t\t\t\t\tdata-type=\"text\"\n\t\t\t\t\t\t\t\tdata-xy=\"x:c;xo:19px,19px,0,0;yo:57px,25px,20px,20px;\"\n\t\t\t\t\t\t\t\tdata-text=\"w:normal;s:81;l:101;a:center;\"\n\t\t\t\t\t\t\t\tdata-rsp_o=\"off\"\n\t\t\t\t\t\t\t\tdata-wrpid=\"passion\"\n\t\t\t\t\t\t\t\tdata-rsp_bd=\"off\"\n\t\t\t\t\t\t\t\tdata-frame_0=\"y:top;\"\n\t\t\t\t\t\t\t\tdata-frame_1=\"e:power0.inOut;st:300;sp:2000;\"\n\t\t\t\t\t\t\t\tdata-frame_999=\"o:0;st:w;sR:6400;\"\n\t\t\t\t\t\t\t\tstyle=\"z-index:9;font-family:'Inter';\"\n\t\t\t\t\t\t\t>Passion \n\t\t\t\t\t\t\t<\/h1><!--\n\n\t\t\t\t\t\t\t--><rs-layer\n\t\t\t\t\t\t\t\tid=\"slider-3-slide-3-layer-5\" \n\t\t\t\t\t\t\t\tdata-type=\"text\"\n\t\t\t\t\t\t\t\tdata-color=\"transparent\"\n\t\t\t\t\t\t\t\tdata-rsp_ch=\"on\"\n\t\t\t\t\t\t\t\tdata-xy=\"x:c;xo:11px,0,0,0;y:b;yo:17px,17px,30px,0;\"\n\t\t\t\t\t\t\t\tdata-text=\"w:normal;l:22;\"\n\t\t\t\t\t\t\t\tdata-dim=\"w:65px;h:23px;\"\n\t\t\t\t\t\t\t\tdata-frame_0=\"y:bottom;\"\n\t\t\t\t\t\t\t\tdata-frame_1=\"e:power1.out;st:1480;sp:2000;sR:1480;\"\n\t\t\t\t\t\t\t\tdata-frame_999=\"o:0;e:nothing;st:w;sR:5520;\"\n\t\t\t\t\t\t\t\tstyle=\"z-index:8;font-family:'Roboto';\"\n\t\t\t\t\t\t\t><a class=\"mouse-scroll scroll-to-anchor\">mouse<\/a> \n\t\t\t\t\t\t\t<\/rs-layer><!--\n-->\t\t\t\t\t<\/rs-slide>\n\t\t\t\t\t<\/rs-slides>\n\t\t\t\t<\/rs-module>\n\t\t\t\t<script>\n\t\t\t\t\tsetREVStartSize({c: 'rev_slider_3_1',rl:[1240,1024,778,480],el:[868,768,960,720],gw:[1240,1024,778,480],gh:[868,768,960,720],type:'standard',justify:'',layout:'fullscreen',offsetContainer:'',offset:'',mh:\"0\"});if (window.RS_MODULES!==undefined && window.RS_MODULES.modules!==undefined && window.RS_MODULES.modules[\"revslider31\"]!==undefined) {window.RS_MODULES.modules[\"revslider31\"].once = false;window.revapi3 = undefined;if (window.RS_MODULES.checkMinimal!==undefined) window.RS_MODULES.checkMinimal()}\n\t\t\t\t<\/script>\n\t\t\t<\/rs-module-wrap>\n\t\t\t<!-- END REVOLUTION SLIDER -->\n[\/vc_column][\/vc_row][vc_row equal_height=\u00a0\u00bbyes\u00a0\u00bb content_placement=\u00a0\u00bbtop\u00a0\u00bb el_class=\u00a0\u00bbhydro_row3&Prime;][vc_column][vc_column_text css=\u00a0\u00bb\u00a0\u00bb el_class=\u00a0\u00bbcontent_title_h2&Prime;]<\/p>\n<h2>MS PRESTIGE SERVICE<br \/>\nTransport VTC Luxe et Conciergerie<\/h2>\n<p>[\/vc_column_text][vc_row_inner equal_height=\u00a0\u00bbyes\u00a0\u00bb content_placement=\u00a0\u00bbtop\u00a0\u00bb gap=\u00a0\u00bb35&Prime; el_class=\u00a0\u00bbjustify\u00a0\u00bb][vc_column_inner width=\u00a0\u00bb1\/2&Prime;][vc_column_text css=\u00a0\u00bb\u00a0\u00bb]<strong>Des chauffeurs de qualit\u00e9<\/strong><\/p>\n<p>MS Prestige Service propose une gamme de services de transport assur\u00e9s par des chauffeurs de qualit\u00e9. Tous nos chauffeurs connaissent parfaitement la r\u00e9gion du sud de la France et les stations de ski des Alpes fran\u00e7aises ou suisses. \u00c0 votre demande, nous mettons \u00e0 votre disposition un chauffeur parlant fran\u00e7ais, anglais, italien ou russe.<\/p>\n<p><strong>Disponibilit\u00e9<\/strong><\/p>\n<p>La flotte de voitures de prestige de MS Prestige Service est disponible 24\/7, que ce soit pour un transfert a\u00e9roport, une visite de la r\u00e9gion, du shopping, une r\u00e9union d\u2019affaires ou une soir\u00e9e VIP.[\/vc_column_text][\/vc_column_inner][vc_column_inner width=\u00a0\u00bb1\/2&Prime;][vc_column_text css=\u00a0\u00bb\u00a0\u00bb]<strong>Approche personnelle<\/strong><\/p>\n<p>Nous mettons \u00e0 votre disposition notre solide exp\u00e9rience de la client\u00e8le haut de gamme pour vous proposer la meilleure solution de transport en fonction de l\u2019itin\u00e9raire choisi, de la destination souhait\u00e9e et du d\u00e9lai souhait\u00e9.[\/vc_column_text][\/vc_column_inner][\/vc_row_inner][\/vc_column][\/vc_row][vc_row content_placement=\u00a0\u00bbmiddle\u00a0\u00bb el_class=\u00a0\u00bbrow_logo_ico\u00a0\u00bb][vc_column][vc_single_image image=\u00a0\u00bb2219&Prime; img_size=\u00a0\u00bblarge\u00a0\u00bb alignment=\u00a0\u00bbcenter\u00a0\u00bb css=\u00a0\u00bb\u00a0\u00bb][\/vc_column][\/vc_row]<\/p>\n<\/div>","protected":false},"excerpt":{"rendered":"<p>[vc_row full_width=\u00a0\u00bbstretch_row_content_no_spaces\u00a0\u00bb full_height=\u00a0\u00bbyes\u00a0\u00bb equal_height=\u00a0\u00bbyes\u00a0\u00bb content_placement=\u00a0\u00bbmiddle\u00a0\u00bb css=\u00a0\u00bb.vc_custom_1690889710988{margin-top: 0px !important;margin-bottom: 0px !important;border-top-width: 0px !important;padding-top: 0px !important;background-position: center !important;background-repeat: no-repeat !important;background-size: cover !important;}\u00a0\u00bb&#8230;<\/p>\n","protected":false},"author":1,"featured_media":1263,"parent":0,"menu_order":0,"comment_status":"closed","ping_status":"closed","template":"","meta":{"footnotes":""},"class_list":["post-757","page","type-page","status-publish","has-post-thumbnail"],"yoast_head":"<!-- This site is optimized with the Yoast SEO plugin v27.3 - https:\/\/yoast.com\/product\/yoast-seo-wordpress\/ -->\n<title>\u00c0 propos - MS PRESTIGE SERVICE<\/title>\n<meta name=\"robots\" content=\"noindex, follow, max-snippet:-1, max-image-preview:large, max-video-preview:-1\" \/>\n<meta property=\"og:locale\" content=\"fr_FR\" \/>\n<meta property=\"og:type\" content=\"article\" \/>\n<meta property=\"og:title\" content=\"\u00c0 propos - MS PRESTIGE SERVICE\" \/>\n<meta property=\"og:description\" content=\"[vc_row full_width=\u00a0\u00bbstretch_row_content_no_spaces\u00a0\u00bb full_height=\u00a0\u00bbyes\u00a0\u00bb equal_height=\u00a0\u00bbyes\u00a0\u00bb content_placement=\u00a0\u00bbmiddle\u00a0\u00bb css=\u00a0\u00bb.vc_custom_1690889710988{margin-top: 0px !important;margin-bottom: 0px !important;border-top-width: 0px !important;padding-top: 0px !important;background-position: center !important;background-repeat: no-repeat !important;background-size: cover !important;}\u00a0\u00bb...\" \/>\n<meta property=\"og:url\" content=\"https:\/\/test.nc-com.com\/fr\/a-propos\/\" \/>\n<meta property=\"og:site_name\" content=\"MS PRESTIGE SERVICE\" \/>\n<meta property=\"article:modified_time\" content=\"2025-11-17T13:59:56+00:00\" \/>\n<meta property=\"og:image\" content=\"https:\/\/test.nc-com.com\/wp-content\/uploads\/2023\/07\/bbyachts_logo.png\" \/>\n\t<meta property=\"og:image:width\" content=\"274\" \/>\n\t<meta property=\"og:image:height\" content=\"226\" \/>\n\t<meta property=\"og:image:type\" content=\"image\/png\" \/>\n<meta name=\"twitter:card\" content=\"summary_large_image\" \/>\n<meta name=\"twitter:label1\" content=\"Dur\u00e9e de lecture estim\u00e9e\" \/>\n\t<meta name=\"twitter:data1\" content=\"2 minutes\" \/>\n<script type=\"application\/ld+json\" class=\"yoast-schema-graph\">{\"@context\":\"https:\\\/\\\/schema.org\",\"@graph\":[{\"@type\":\"WebPage\",\"@id\":\"https:\\\/\\\/test.nc-com.com\\\/fr\\\/a-propos\\\/\",\"url\":\"https:\\\/\\\/test.nc-com.com\\\/fr\\\/a-propos\\\/\",\"name\":\"\u00c0 propos - MS PRESTIGE SERVICE\",\"isPartOf\":{\"@id\":\"https:\\\/\\\/test.nc-com.com\\\/fr\\\/#website\"},\"primaryImageOfPage\":{\"@id\":\"https:\\\/\\\/test.nc-com.com\\\/fr\\\/a-propos\\\/#primaryimage\"},\"image\":{\"@id\":\"https:\\\/\\\/test.nc-com.com\\\/fr\\\/a-propos\\\/#primaryimage\"},\"thumbnailUrl\":\"https:\\\/\\\/test.nc-com.com\\\/wp-content\\\/uploads\\\/2023\\\/07\\\/bbyachts_logo.png\",\"datePublished\":\"2023-04-28T20:35:35+00:00\",\"dateModified\":\"2025-11-17T13:59:56+00:00\",\"breadcrumb\":{\"@id\":\"https:\\\/\\\/test.nc-com.com\\\/fr\\\/a-propos\\\/#breadcrumb\"},\"inLanguage\":\"fr-FR\",\"potentialAction\":[{\"@type\":\"ReadAction\",\"target\":[\"https:\\\/\\\/test.nc-com.com\\\/fr\\\/a-propos\\\/\"]}]},{\"@type\":\"ImageObject\",\"inLanguage\":\"fr-FR\",\"@id\":\"https:\\\/\\\/test.nc-com.com\\\/fr\\\/a-propos\\\/#primaryimage\",\"url\":\"https:\\\/\\\/test.nc-com.com\\\/wp-content\\\/uploads\\\/2023\\\/07\\\/bbyachts_logo.png\",\"contentUrl\":\"https:\\\/\\\/test.nc-com.com\\\/wp-content\\\/uploads\\\/2023\\\/07\\\/bbyachts_logo.png\",\"width\":274,\"height\":226,\"caption\":\"BB YACHTS - The Art of Sea\"},{\"@type\":\"BreadcrumbList\",\"@id\":\"https:\\\/\\\/test.nc-com.com\\\/fr\\\/a-propos\\\/#breadcrumb\",\"itemListElement\":[{\"@type\":\"ListItem\",\"position\":1,\"name\":\"Accueil\",\"item\":\"https:\\\/\\\/test.nc-com.com\\\/fr\\\/\"},{\"@type\":\"ListItem\",\"position\":2,\"name\":\"\u00c0 propos\"}]},{\"@type\":\"WebSite\",\"@id\":\"https:\\\/\\\/test.nc-com.com\\\/fr\\\/#website\",\"url\":\"https:\\\/\\\/test.nc-com.com\\\/fr\\\/\",\"name\":\"MS Prestige Service\",\"description\":\"Transfers VIP in the south of France\",\"publisher\":{\"@id\":\"https:\\\/\\\/test.nc-com.com\\\/fr\\\/#organization\"},\"potentialAction\":[{\"@type\":\"SearchAction\",\"target\":{\"@type\":\"EntryPoint\",\"urlTemplate\":\"https:\\\/\\\/test.nc-com.com\\\/fr\\\/?s={search_term_string}\"},\"query-input\":{\"@type\":\"PropertyValueSpecification\",\"valueRequired\":true,\"valueName\":\"search_term_string\"}}],\"inLanguage\":\"fr-FR\"},{\"@type\":\"Organization\",\"@id\":\"https:\\\/\\\/test.nc-com.com\\\/fr\\\/#organization\",\"name\":\"MS Prestige Service\",\"url\":\"https:\\\/\\\/test.nc-com.com\\\/fr\\\/\",\"logo\":{\"@type\":\"ImageObject\",\"inLanguage\":\"fr-FR\",\"@id\":\"https:\\\/\\\/test.nc-com.com\\\/fr\\\/#\\\/schema\\\/logo\\\/image\\\/\",\"url\":\"https:\\\/\\\/test.nc-com.com\\\/wp-content\\\/uploads\\\/2025\\\/05\\\/cropped-Logo_Vertical_BW_MSPS-OnWhite.png\",\"contentUrl\":\"https:\\\/\\\/test.nc-com.com\\\/wp-content\\\/uploads\\\/2025\\\/05\\\/cropped-Logo_Vertical_BW_MSPS-OnWhite.png\",\"width\":512,\"height\":512,\"caption\":\"MS Prestige Service\"},\"image\":{\"@id\":\"https:\\\/\\\/test.nc-com.com\\\/fr\\\/#\\\/schema\\\/logo\\\/image\\\/\"}}]}<\/script>\n<!-- \/ Yoast SEO plugin. -->","yoast_head_json":{"title":"\u00c0 propos - MS PRESTIGE SERVICE","robots":{"index":"noindex","follow":"follow","max-snippet":"max-snippet:-1","max-image-preview":"max-image-preview:large","max-video-preview":"max-video-preview:-1"},"og_locale":"fr_FR","og_type":"article","og_title":"\u00c0 propos - MS PRESTIGE SERVICE","og_description":"[vc_row full_width=\u00a0\u00bbstretch_row_content_no_spaces\u00a0\u00bb full_height=\u00a0\u00bbyes\u00a0\u00bb equal_height=\u00a0\u00bbyes\u00a0\u00bb content_placement=\u00a0\u00bbmiddle\u00a0\u00bb css=\u00a0\u00bb.vc_custom_1690889710988{margin-top: 0px !important;margin-bottom: 0px !important;border-top-width: 0px !important;padding-top: 0px !important;background-position: center !important;background-repeat: no-repeat !important;background-size: cover !important;}\u00a0\u00bb...","og_url":"https:\/\/test.nc-com.com\/fr\/a-propos\/","og_site_name":"MS PRESTIGE SERVICE","article_modified_time":"2025-11-17T13:59:56+00:00","og_image":[{"width":274,"height":226,"url":"https:\/\/test.nc-com.com\/wp-content\/uploads\/2023\/07\/bbyachts_logo.png","type":"image\/png"}],"twitter_card":"summary_large_image","twitter_misc":{"Dur\u00e9e de lecture estim\u00e9e":"2 minutes"},"schema":{"@context":"https:\/\/schema.org","@graph":[{"@type":"WebPage","@id":"https:\/\/test.nc-com.com\/fr\/a-propos\/","url":"https:\/\/test.nc-com.com\/fr\/a-propos\/","name":"\u00c0 propos - MS PRESTIGE SERVICE","isPartOf":{"@id":"https:\/\/test.nc-com.com\/fr\/#website"},"primaryImageOfPage":{"@id":"https:\/\/test.nc-com.com\/fr\/a-propos\/#primaryimage"},"image":{"@id":"https:\/\/test.nc-com.com\/fr\/a-propos\/#primaryimage"},"thumbnailUrl":"https:\/\/test.nc-com.com\/wp-content\/uploads\/2023\/07\/bbyachts_logo.png","datePublished":"2023-04-28T20:35:35+00:00","dateModified":"2025-11-17T13:59:56+00:00","breadcrumb":{"@id":"https:\/\/test.nc-com.com\/fr\/a-propos\/#breadcrumb"},"inLanguage":"fr-FR","potentialAction":[{"@type":"ReadAction","target":["https:\/\/test.nc-com.com\/fr\/a-propos\/"]}]},{"@type":"ImageObject","inLanguage":"fr-FR","@id":"https:\/\/test.nc-com.com\/fr\/a-propos\/#primaryimage","url":"https:\/\/test.nc-com.com\/wp-content\/uploads\/2023\/07\/bbyachts_logo.png","contentUrl":"https:\/\/test.nc-com.com\/wp-content\/uploads\/2023\/07\/bbyachts_logo.png","width":274,"height":226,"caption":"BB YACHTS - The Art of Sea"},{"@type":"BreadcrumbList","@id":"https:\/\/test.nc-com.com\/fr\/a-propos\/#breadcrumb","itemListElement":[{"@type":"ListItem","position":1,"name":"Accueil","item":"https:\/\/test.nc-com.com\/fr\/"},{"@type":"ListItem","position":2,"name":"\u00c0 propos"}]},{"@type":"WebSite","@id":"https:\/\/test.nc-com.com\/fr\/#website","url":"https:\/\/test.nc-com.com\/fr\/","name":"MS Prestige Service","description":"Transfers VIP in the south of France","publisher":{"@id":"https:\/\/test.nc-com.com\/fr\/#organization"},"potentialAction":[{"@type":"SearchAction","target":{"@type":"EntryPoint","urlTemplate":"https:\/\/test.nc-com.com\/fr\/?s={search_term_string}"},"query-input":{"@type":"PropertyValueSpecification","valueRequired":true,"valueName":"search_term_string"}}],"inLanguage":"fr-FR"},{"@type":"Organization","@id":"https:\/\/test.nc-com.com\/fr\/#organization","name":"MS Prestige Service","url":"https:\/\/test.nc-com.com\/fr\/","logo":{"@type":"ImageObject","inLanguage":"fr-FR","@id":"https:\/\/test.nc-com.com\/fr\/#\/schema\/logo\/image\/","url":"https:\/\/test.nc-com.com\/wp-content\/uploads\/2025\/05\/cropped-Logo_Vertical_BW_MSPS-OnWhite.png","contentUrl":"https:\/\/test.nc-com.com\/wp-content\/uploads\/2025\/05\/cropped-Logo_Vertical_BW_MSPS-OnWhite.png","width":512,"height":512,"caption":"MS Prestige Service"},"image":{"@id":"https:\/\/test.nc-com.com\/fr\/#\/schema\/logo\/image\/"}}]}},"_links":{"self":[{"href":"https:\/\/test.nc-com.com\/fr\/wp-json\/wp\/v2\/pages\/757","targetHints":{"allow":["GET"]}}],"collection":[{"href":"https:\/\/test.nc-com.com\/fr\/wp-json\/wp\/v2\/pages"}],"about":[{"href":"https:\/\/test.nc-com.com\/fr\/wp-json\/wp\/v2\/types\/page"}],"author":[{"embeddable":true,"href":"https:\/\/test.nc-com.com\/fr\/wp-json\/wp\/v2\/users\/1"}],"replies":[{"embeddable":true,"href":"https:\/\/test.nc-com.com\/fr\/wp-json\/wp\/v2\/comments?post=757"}],"version-history":[{"count":66,"href":"https:\/\/test.nc-com.com\/fr\/wp-json\/wp\/v2\/pages\/757\/revisions"}],"predecessor-version":[{"id":3049,"href":"https:\/\/test.nc-com.com\/fr\/wp-json\/wp\/v2\/pages\/757\/revisions\/3049"}],"wp:featuredmedia":[{"embeddable":true,"href":"https:\/\/test.nc-com.com\/fr\/wp-json\/wp\/v2\/media\/1263"}],"wp:attachment":[{"href":"https:\/\/test.nc-com.com\/fr\/wp-json\/wp\/v2\/media?parent=757"}],"curies":[{"name":"wp","href":"https:\/\/api.w.org\/{rel}","templated":true}]}}